 
{"id":568,"date":"2021-12-04T11:15:21","date_gmt":"2021-12-04T11:15:21","guid":{"rendered":"https:\/\/wei-yee.com\/?post_type=product&#038;p=568"},"modified":"2024-01-16T14:08:39","modified_gmt":"2024-01-16T14:08:39","slug":"garden-delight-summer-lotus","status":"publish","type":"product","link":"https:\/\/wei-yee.com\/fr\/product\/garden-delight-summer-lotus\/","title":{"rendered":"D\u00e9lice des Jardins - Lotus d'\u00c9t\u00e9"},"content":{"rendered":"","protected":false},"excerpt":{"rendered":"<ul>\n \t<li>Tissu\uff1a<a href=\"\/kesi-chinese-silk-tapestry-weaving\/\">Kesi<\/a><\/li>\n \t<li>Couleur : Rose Lotus<\/li>\n \t<li>Doublure : Peau de mouton<\/li>\n \t<li>Bouton : \u00c9b\u00e8ne<\/li>\n \t<li>Cha\u00eene : Perle de coquillage<\/li>\n \t<li>Taille : Longueur 25 cm x Largeur 15 cm x Profondeur 6,5 cm<\/li>\n<\/ul>\n<p>Cet article est fabriqu\u00e9 sur commande et aura un d\u00e9lai d'exp\u00e9dition. Veuillez contacter le service clients pour plus d'informations.<\/p>","protected":false},"featured_media":573,"comment_status":"open","ping_status":"closed","template":"","meta":[],"product_cat":[17],"product_tag":[],"class_list":{"0":"post-568","1":"product","2":"type-product","3":"status-publish","4":"has-post-thumbnail","6":"product_cat-bespoke","8":"first","9":"instock","10":"sale","11":"shipping-taxable","12":"purchasable","13":"product-type-simple"},"yoast_head":"<!-- This site is optimized with the Yoast SEO plugin v24.9 - https:\/\/yoast.com\/wordpress\/plugins\/seo\/ -->\n<title>Garden Delight \u2013 Summer Lotus - WEI YEE<\/title>\n<meta name=\"robots\" content=\"index, follow, max-snippet:-1, max-image-preview:large, max-video-preview:-1\" \/>\n<link rel=\"canonical\" href=\"https:\/\/wei-yee.com\/hk\/product\/garden-delight-summer-lotus\/\" \/>\n<meta property=\"og:locale\" content=\"en_US\" \/>\n<meta property=\"og:type\" content=\"article\" \/>\n<meta property=\"og:title\" content=\"Garden Delight \u2013 Summer Lotus - WEI YEE\" \/>\n<meta property=\"og:description\" content=\"Tissu\uff1aKesi  Couleur : Rose Lotus  Doublure : Peau de mouton  Bouton : \u00c9b\u00e8ne  Cha\u00eene : Perle de coquillage  Taille : Longueur 25 cm x Largeur 15 cm x Profondeur 6,5 cm Cet article est fabriqu\u00e9 sur commande et aura un d\u00e9lai d&#039;exp\u00e9dition. Veuillez contacter le service clients pour plus d&#039;informations.\" \/>\n<meta property=\"og:url\" content=\"https:\/\/wei-yee.com\/hk\/product\/garden-delight-summer-lotus\/\" \/>\n<meta property=\"og:site_name\" content=\"WEI YEE\" \/>\n<meta property=\"article:modified_time\" content=\"2024-01-16T14:08:39+00:00\" \/>\n<meta property=\"og:image\" content=\"https:\/\/wei-yee.com\/wp-content\/uploads\/2023\/12\/aHR0cHM6Ly93d3cud2VpLXllZS5jb20vcWZ5LWNvbnRlbnQvdXBsb2Fkcy8yMDE5LzA1L2ViMWRiODJlNmMwNzg3MzViOTZmYjQzMDY2MGYxNjNjLTE1MDB4MTUwMC5wbmc_p_p100_p_3D.png\" \/>\n\t<meta property=\"og:image:width\" content=\"1500\" \/>\n\t<meta property=\"og:image:height\" content=\"1500\" \/>\n\t<meta property=\"og:image:type\" content=\"image\/png\" \/>\n<meta name=\"twitter:card\" content=\"summary_large_image\" \/>\n<meta name=\"twitter:label1\" content=\"Est. reading time\" \/>\n\t<meta name=\"twitter:data1\" content=\"1 minute\" \/>\n<script type=\"application\/ld+json\" class=\"yoast-schema-graph\">{\"@context\":\"https:\/\/schema.org\",\"@graph\":[{\"@type\":\"WebPage\",\"@id\":\"https:\/\/wei-yee.com\/hk\/product\/garden-delight-summer-lotus\/\",\"url\":\"https:\/\/wei-yee.com\/hk\/product\/garden-delight-summer-lotus\/\",\"name\":\"Garden Delight \u2013 Summer Lotus - WEI YEE\",\"isPartOf\":{\"@id\":\"https:\/\/wei-yee.com\/#website\"},\"primaryImageOfPage\":{\"@id\":\"https:\/\/wei-yee.com\/hk\/product\/garden-delight-summer-lotus\/#primaryimage\"},\"image\":{\"@id\":\"https:\/\/wei-yee.com\/hk\/product\/garden-delight-summer-lotus\/#primaryimage\"},\"thumbnailUrl\":\"https:\/\/wei-yee.com\/wp-content\/uploads\/2023\/12\/aHR0cHM6Ly93d3cud2VpLXllZS5jb20vcWZ5LWNvbnRlbnQvdXBsb2Fkcy8yMDE5LzA1L2ViMWRiODJlNmMwNzg3MzViOTZmYjQzMDY2MGYxNjNjLTE1MDB4MTUwMC5wbmc_p_p100_p_3D.png\",\"datePublished\":\"2021-12-04T11:15:21+00:00\",\"dateModified\":\"2024-01-16T14:08:39+00:00\",\"breadcrumb\":{\"@id\":\"https:\/\/wei-yee.com\/hk\/product\/garden-delight-summer-lotus\/#breadcrumb\"},\"inLanguage\":\"en-US\",\"potentialAction\":[{\"@type\":\"ReadAction\",\"target\":[\"https:\/\/wei-yee.com\/hk\/product\/garden-delight-summer-lotus\/\"]}]},{\"@type\":\"ImageObject\",\"inLanguage\":\"en-US\",\"@id\":\"https:\/\/wei-yee.com\/hk\/product\/garden-delight-summer-lotus\/#primaryimage\",\"url\":\"https:\/\/wei-yee.com\/wp-content\/uploads\/2023\/12\/aHR0cHM6Ly93d3cud2VpLXllZS5jb20vcWZ5LWNvbnRlbnQvdXBsb2Fkcy8yMDE5LzA1L2ViMWRiODJlNmMwNzg3MzViOTZmYjQzMDY2MGYxNjNjLTE1MDB4MTUwMC5wbmc_p_p100_p_3D.png\",\"contentUrl\":\"https:\/\/wei-yee.com\/wp-content\/uploads\/2023\/12\/aHR0cHM6Ly93d3cud2VpLXllZS5jb20vcWZ5LWNvbnRlbnQvdXBsb2Fkcy8yMDE5LzA1L2ViMWRiODJlNmMwNzg3MzViOTZmYjQzMDY2MGYxNjNjLTE1MDB4MTUwMC5wbmc_p_p100_p_3D.png\",\"width\":1500,\"height\":1500},{\"@type\":\"BreadcrumbList\",\"@id\":\"https:\/\/wei-yee.com\/hk\/product\/garden-delight-summer-lotus\/#breadcrumb\",\"itemListElement\":[{\"@type\":\"ListItem\",\"position\":1,\"name\":\"Home\",\"item\":\"https:\/\/wei-yee.com\/\"},{\"@type\":\"ListItem\",\"position\":2,\"name\":\"Boutique\",\"item\":\"https:\/\/wei-yee.com\/fr\/shop\/\"},{\"@type\":\"ListItem\",\"position\":3,\"name\":\"Bespoke\",\"item\":\"https:\/\/wei-yee.com\/\/product-category\/bespoke\/\"},{\"@type\":\"ListItem\",\"position\":4,\"name\":\"\u5ead\u5712\u60c5\u8da3 - \u590f\u8377\"}]},{\"@type\":\"WebSite\",\"@id\":\"https:\/\/wei-yee.com\/#website\",\"url\":\"https:\/\/wei-yee.com\/\",\"name\":\"WEI YEE\",\"description\":\"\",\"potentialAction\":[{\"@type\":\"SearchAction\",\"target\":{\"@type\":\"EntryPoint\",\"urlTemplate\":\"https:\/\/wei-yee.com\/?s={search_term_string}\"},\"query-input\":{\"@type\":\"PropertyValueSpecification\",\"valueRequired\":true,\"valueName\":\"search_term_string\"}}],\"inLanguage\":\"en-US\"}]}<\/script>\n<!-- \/ Yoast SEO plugin. -->","yoast_head_json":{"title":"Garden Delight \u2013 Summer Lotus - WEI YEE","robots":{"index":"index","follow":"follow","max-snippet":"max-snippet:-1","max-image-preview":"max-image-preview:large","max-video-preview":"max-video-preview:-1"},"canonical":"https:\/\/wei-yee.com\/hk\/product\/garden-delight-summer-lotus\/","og_locale":"en_US","og_type":"article","og_title":"Garden Delight \u2013 Summer Lotus - WEI YEE","og_description":"Tissu\uff1aKesi  Couleur : Rose Lotus  Doublure : Peau de mouton  Bouton : \u00c9b\u00e8ne  Cha\u00eene : Perle de coquillage  Taille : Longueur 25 cm x Largeur 15 cm x Profondeur 6,5 cm Cet article est fabriqu\u00e9 sur commande et aura un d\u00e9lai d'exp\u00e9dition. Veuillez contacter le service clients pour plus d'informations.","og_url":"https:\/\/wei-yee.com\/hk\/product\/garden-delight-summer-lotus\/","og_site_name":"WEI YEE","article_modified_time":"2024-01-16T14:08:39+00:00","og_image":[{"width":1500,"height":1500,"url":"https:\/\/wei-yee.com\/wp-content\/uploads\/2023\/12\/aHR0cHM6Ly93d3cud2VpLXllZS5jb20vcWZ5LWNvbnRlbnQvdXBsb2Fkcy8yMDE5LzA1L2ViMWRiODJlNmMwNzg3MzViOTZmYjQzMDY2MGYxNjNjLTE1MDB4MTUwMC5wbmc_p_p100_p_3D.png","type":"image\/png"}],"twitter_card":"summary_large_image","twitter_misc":{"Est. reading time":"1 minute"},"schema":{"@context":"https:\/\/schema.org","@graph":[{"@type":"WebPage","@id":"https:\/\/wei-yee.com\/hk\/product\/garden-delight-summer-lotus\/","url":"https:\/\/wei-yee.com\/hk\/product\/garden-delight-summer-lotus\/","name":"Garden Delight \u2013 Summer Lotus - WEI YEE","isPartOf":{"@id":"https:\/\/wei-yee.com\/#website"},"primaryImageOfPage":{"@id":"https:\/\/wei-yee.com\/hk\/product\/garden-delight-summer-lotus\/#primaryimage"},"image":{"@id":"https:\/\/wei-yee.com\/hk\/product\/garden-delight-summer-lotus\/#primaryimage"},"thumbnailUrl":"https:\/\/wei-yee.com\/wp-content\/uploads\/2023\/12\/aHR0cHM6Ly93d3cud2VpLXllZS5jb20vcWZ5LWNvbnRlbnQvdXBsb2Fkcy8yMDE5LzA1L2ViMWRiODJlNmMwNzg3MzViOTZmYjQzMDY2MGYxNjNjLTE1MDB4MTUwMC5wbmc_p_p100_p_3D.png","datePublished":"2021-12-04T11:15:21+00:00","dateModified":"2024-01-16T14:08:39+00:00","breadcrumb":{"@id":"https:\/\/wei-yee.com\/hk\/product\/garden-delight-summer-lotus\/#breadcrumb"},"inLanguage":"en-US","potentialAction":[{"@type":"ReadAction","target":["https:\/\/wei-yee.com\/hk\/product\/garden-delight-summer-lotus\/"]}]},{"@type":"ImageObject","inLanguage":"en-US","@id":"https:\/\/wei-yee.com\/hk\/product\/garden-delight-summer-lotus\/#primaryimage","url":"https:\/\/wei-yee.com\/wp-content\/uploads\/2023\/12\/aHR0cHM6Ly93d3cud2VpLXllZS5jb20vcWZ5LWNvbnRlbnQvdXBsb2Fkcy8yMDE5LzA1L2ViMWRiODJlNmMwNzg3MzViOTZmYjQzMDY2MGYxNjNjLTE1MDB4MTUwMC5wbmc_p_p100_p_3D.png","contentUrl":"https:\/\/wei-yee.com\/wp-content\/uploads\/2023\/12\/aHR0cHM6Ly93d3cud2VpLXllZS5jb20vcWZ5LWNvbnRlbnQvdXBsb2Fkcy8yMDE5LzA1L2ViMWRiODJlNmMwNzg3MzViOTZmYjQzMDY2MGYxNjNjLTE1MDB4MTUwMC5wbmc_p_p100_p_3D.png","width":1500,"height":1500},{"@type":"BreadcrumbList","@id":"https:\/\/wei-yee.com\/hk\/product\/garden-delight-summer-lotus\/#breadcrumb","itemListElement":[{"@type":"ListItem","position":1,"name":"Home","item":"https:\/\/wei-yee.com\/"},{"@type":"ListItem","position":2,"name":"Boutique","item":"https:\/\/wei-yee.com\/fr\/shop\/"},{"@type":"ListItem","position":3,"name":"Bespoke","item":"https:\/\/wei-yee.com\/\/product-category\/bespoke\/"},{"@type":"ListItem","position":4,"name":"\u5ead\u5712\u60c5\u8da3 - \u590f\u8377"}]},{"@type":"WebSite","@id":"https:\/\/wei-yee.com\/#website","url":"https:\/\/wei-yee.com\/","name":"WEI YEE","description":"","potentialAction":[{"@type":"SearchAction","target":{"@type":"EntryPoint","urlTemplate":"https:\/\/wei-yee.com\/?s={search_term_string}"},"query-input":{"@type":"PropertyValueSpecification","valueRequired":true,"valueName":"search_term_string"}}],"inLanguage":"en-US"}]}},"_links":{"self":[{"href":"https:\/\/wei-yee.com\/fr\/wp-json\/wp\/v2\/product\/568","targetHints":{"allow":["GET"]}}],"collection":[{"href":"https:\/\/wei-yee.com\/fr\/wp-json\/wp\/v2\/product"}],"about":[{"href":"https:\/\/wei-yee.com\/fr\/wp-json\/wp\/v2\/types\/product"}],"replies":[{"embeddable":true,"href":"https:\/\/wei-yee.com\/fr\/wp-json\/wp\/v2\/comments?post=568"}],"wp:featuredmedia":[{"embeddable":true,"href":"https:\/\/wei-yee.com\/fr\/wp-json\/wp\/v2\/media\/573"}],"wp:attachment":[{"href":"https:\/\/wei-yee.com\/fr\/wp-json\/wp\/v2\/media?parent=568"}],"wp:term":[{"taxonomy":"product_cat","embeddable":true,"href":"https:\/\/wei-yee.com\/fr\/wp-json\/wp\/v2\/product_cat?post=568"},{"taxonomy":"product_tag","embeddable":true,"href":"https:\/\/wei-yee.com\/fr\/wp-json\/wp\/v2\/product_tag?post=568"}],"curies":[{"name":"wp","href":"https:\/\/api.w.org\/{rel}","templated":true}]}}