 
{"id":998,"date":"2023-12-14T12:57:38","date_gmt":"2023-12-14T12:57:38","guid":{"rendered":"https:\/\/wei-yee.com\/?page_id=998"},"modified":"2023-12-20T17:21:39","modified_gmt":"2023-12-20T17:21:39","slug":"order-personalization","status":"publish","type":"page","link":"https:\/\/wei-yee.com\/fr\/order-personalization\/","title":{"rendered":"Personnalisation de commande"},"content":{"rendered":"<h2 class=\"wp-block-heading\">Puis-je personnaliser un article ?<\/h2><p>La personnalisation est disponible sur certaines cr\u00e9ations. Nous proposons la gravure pour nos bijoux, et le gaufrage pour la maroquinerie. Veuillez contacter le service clients pour plus de d\u00e9tails.<\/p><p>Veuillez noter que les articles personnalis\u00e9s ne peuvent \u00eatre ni retourn\u00e9s ni \u00e9chang\u00e9s.<\/p><h2 class=\"wp-block-heading\">Puis-je ajouter un message personnel \u00e0 ma commande s'il s'agit d'un cadeau ?<\/h2><p>Oui, vous pouvez inclure un message personnalis\u00e9 dans votre colis. Lors de votre commande, veuillez envoyer votre demande \u00e0 <a href=\"mailto:customerservice@wei-yee.com\">customerservice@wei-yee.com<\/a>, nous pr\u00e9parerons votre message personnalis\u00e9 sur une carte qui sera jointe au colis.<\/p>","protected":false},"excerpt":{"rendered":"<p>Puis-je personnaliser un article ?La personnalisation est disponible sur certaines cr\u00e9ations. Nous proposons la gravure pour nos bijoux, et le gaufrage pour la maroquinerie. Veuillez contacter le service clients pour plus de d\u00e9tails.Veuillez noter que les articles personnalis\u00e9s ne peuvent \u00eatre ni retourn\u00e9s ni \u00e9chang\u00e9s.Puis-je ajouter un message personnel \u00e0 ma commande s&#8217;il s&#8217;agit d&#8217;un [&hellip;]<\/p>\n","protected":false},"author":1,"featured_media":0,"parent":0,"menu_order":0,"comment_status":"closed","ping_status":"closed","template":"","meta":{"footnotes":""},"class_list":["post-998","page","type-page","status-publish","hentry"],"yoast_head":"<!-- This site is optimized with the Yoast SEO plugin v24.9 - https:\/\/yoast.com\/wordpress\/plugins\/seo\/ -->\n<title>Order Personalization - WEI YEE<\/title>\n<meta name=\"robots\" content=\"index, follow, max-snippet:-1, max-image-preview:large, max-video-preview:-1\" \/>\n<link rel=\"canonical\" href=\"https:\/\/wei-yee.com\/fr\/order-personalization\/\" \/>\n<meta property=\"og:locale\" content=\"en_US\" \/>\n<meta property=\"og:type\" content=\"article\" \/>\n<meta property=\"og:title\" content=\"Order Personalization - WEI YEE\" \/>\n<meta property=\"og:description\" content=\"Puis-je personnaliser un article ?La personnalisation est disponible sur certaines cr\u00e9ations. Nous proposons la gravure pour nos bijoux, et le gaufrage pour la maroquinerie. Veuillez contacter le service clients pour plus de d\u00e9tails.Veuillez noter que les articles personnalis\u00e9s ne peuvent \u00eatre ni retourn\u00e9s ni \u00e9chang\u00e9s.Puis-je ajouter un message personnel \u00e0 ma commande s&#039;il s&#039;agit d&#039;un [&hellip;]\" \/>\n<meta property=\"og:url\" content=\"https:\/\/wei-yee.com\/fr\/order-personalization\/\" \/>\n<meta property=\"og:site_name\" content=\"WEI YEE\" \/>\n<meta property=\"article:modified_time\" content=\"2023-12-20T17:21:39+00:00\" \/>\n<meta name=\"twitter:card\" content=\"summary_large_image\" \/>\n<meta name=\"twitter:label1\" content=\"Est. reading time\" \/>\n\t<meta name=\"twitter:data1\" content=\"1 minute\" \/>\n<script type=\"application\/ld+json\" class=\"yoast-schema-graph\">{\"@context\":\"https:\/\/schema.org\",\"@graph\":[{\"@type\":\"WebPage\",\"@id\":\"https:\/\/wei-yee.com\/fr\/order-personalization\/\",\"url\":\"https:\/\/wei-yee.com\/fr\/order-personalization\/\",\"name\":\"Order Personalization - WEI YEE\",\"isPartOf\":{\"@id\":\"https:\/\/wei-yee.com\/#website\"},\"datePublished\":\"2023-12-14T12:57:38+00:00\",\"dateModified\":\"2023-12-20T17:21:39+00:00\",\"breadcrumb\":{\"@id\":\"https:\/\/wei-yee.com\/fr\/order-personalization\/#breadcrumb\"},\"inLanguage\":\"en-US\",\"potentialAction\":[{\"@type\":\"ReadAction\",\"target\":[\"https:\/\/wei-yee.com\/fr\/order-personalization\/\"]}]},{\"@type\":\"BreadcrumbList\",\"@id\":\"https:\/\/wei-yee.com\/fr\/order-personalization\/#breadcrumb\",\"itemListElement\":[{\"@type\":\"ListItem\",\"position\":1,\"name\":\"Home\",\"item\":\"https:\/\/wei-yee.com\/\"},{\"@type\":\"ListItem\",\"position\":2,\"name\":\"Personnalisation de commande\"}]},{\"@type\":\"WebSite\",\"@id\":\"https:\/\/wei-yee.com\/#website\",\"url\":\"https:\/\/wei-yee.com\/\",\"name\":\"WEI YEE\",\"description\":\"\",\"potentialAction\":[{\"@type\":\"SearchAction\",\"target\":{\"@type\":\"EntryPoint\",\"urlTemplate\":\"https:\/\/wei-yee.com\/?s={search_term_string}\"},\"query-input\":{\"@type\":\"PropertyValueSpecification\",\"valueRequired\":true,\"valueName\":\"search_term_string\"}}],\"inLanguage\":\"en-US\"}]}<\/script>\n<!-- \/ Yoast SEO plugin. -->","yoast_head_json":{"title":"Order Personalization - WEI YEE","robots":{"index":"index","follow":"follow","max-snippet":"max-snippet:-1","max-image-preview":"max-image-preview:large","max-video-preview":"max-video-preview:-1"},"canonical":"https:\/\/wei-yee.com\/fr\/order-personalization\/","og_locale":"en_US","og_type":"article","og_title":"Order Personalization - WEI YEE","og_description":"Puis-je personnaliser un article ?La personnalisation est disponible sur certaines cr\u00e9ations. Nous proposons la gravure pour nos bijoux, et le gaufrage pour la maroquinerie. Veuillez contacter le service clients pour plus de d\u00e9tails.Veuillez noter que les articles personnalis\u00e9s ne peuvent \u00eatre ni retourn\u00e9s ni \u00e9chang\u00e9s.Puis-je ajouter un message personnel \u00e0 ma commande s'il s'agit d'un [&hellip;]","og_url":"https:\/\/wei-yee.com\/fr\/order-personalization\/","og_site_name":"WEI YEE","article_modified_time":"2023-12-20T17:21:39+00:00","twitter_card":"summary_large_image","twitter_misc":{"Est. reading time":"1 minute"},"schema":{"@context":"https:\/\/schema.org","@graph":[{"@type":"WebPage","@id":"https:\/\/wei-yee.com\/fr\/order-personalization\/","url":"https:\/\/wei-yee.com\/fr\/order-personalization\/","name":"Order Personalization - WEI YEE","isPartOf":{"@id":"https:\/\/wei-yee.com\/#website"},"datePublished":"2023-12-14T12:57:38+00:00","dateModified":"2023-12-20T17:21:39+00:00","breadcrumb":{"@id":"https:\/\/wei-yee.com\/fr\/order-personalization\/#breadcrumb"},"inLanguage":"en-US","potentialAction":[{"@type":"ReadAction","target":["https:\/\/wei-yee.com\/fr\/order-personalization\/"]}]},{"@type":"BreadcrumbList","@id":"https:\/\/wei-yee.com\/fr\/order-personalization\/#breadcrumb","itemListElement":[{"@type":"ListItem","position":1,"name":"Home","item":"https:\/\/wei-yee.com\/"},{"@type":"ListItem","position":2,"name":"Personnalisation de commande"}]},{"@type":"WebSite","@id":"https:\/\/wei-yee.com\/#website","url":"https:\/\/wei-yee.com\/","name":"WEI YEE","description":"","potentialAction":[{"@type":"SearchAction","target":{"@type":"EntryPoint","urlTemplate":"https:\/\/wei-yee.com\/?s={search_term_string}"},"query-input":{"@type":"PropertyValueSpecification","valueRequired":true,"valueName":"search_term_string"}}],"inLanguage":"en-US"}]}},"_links":{"self":[{"href":"https:\/\/wei-yee.com\/fr\/wp-json\/wp\/v2\/pages\/998","targetHints":{"allow":["GET"]}}],"collection":[{"href":"https:\/\/wei-yee.com\/fr\/wp-json\/wp\/v2\/pages"}],"about":[{"href":"https:\/\/wei-yee.com\/fr\/wp-json\/wp\/v2\/types\/page"}],"author":[{"embeddable":true,"href":"https:\/\/wei-yee.com\/fr\/wp-json\/wp\/v2\/users\/1"}],"replies":[{"embeddable":true,"href":"https:\/\/wei-yee.com\/fr\/wp-json\/wp\/v2\/comments?post=998"}],"version-history":[{"count":3,"href":"https:\/\/wei-yee.com\/fr\/wp-json\/wp\/v2\/pages\/998\/revisions"}],"predecessor-version":[{"id":1084,"href":"https:\/\/wei-yee.com\/fr\/wp-json\/wp\/v2\/pages\/998\/revisions\/1084"}],"wp:attachment":[{"href":"https:\/\/wei-yee.com\/fr\/wp-json\/wp\/v2\/media?parent=998"}],"curies":[{"name":"wp","href":"https:\/\/api.w.org\/{rel}","templated":true}]}}