 
{"id":957,"date":"2023-12-08T06:48:18","date_gmt":"2023-12-08T06:48:18","guid":{"rendered":"https:\/\/wei-yee.com\/?page_id=957"},"modified":"2023-12-19T13:16:50","modified_gmt":"2023-12-19T13:16:50","slug":"leather-craftsmanship","status":"publish","type":"page","link":"https:\/\/wei-yee.com\/fr\/leather-craftsmanship\/","title":{"rendered":"Fabrication de sacs en cuir"},"content":{"rendered":"<p><iframe title=\"YouTube video player\" src=\"https:\/\/www.youtube.com\/embed\/fcnxwXauVz4?si=3Nf2acfpwt3VPWIa\" width=\"560\" height=\"315\" frameborder=\"0\" allowfullscreen=\"allowfullscreen\" data-mce-fragment=\"1\"><\/iframe><br \/><!-- \/wp:html --><\/p><p><!-- wp:paragraph --><\/p><p>Les sacs WEI YEE sont fabriqu\u00e9s \u00e0 la main par les artisans de WEI YEE en utilisant du cuir pleine fleur de haute qualit\u00e9.<\/p>","protected":false},"excerpt":{"rendered":"<p>Les sacs WEI YEE sont fabriqu\u00e9s \u00e0 la main par les artisans de WEI YEE en utilisant du cuir pleine fleur de haute qualit\u00e9.<\/p>\n","protected":false},"author":1,"featured_media":0,"parent":0,"menu_order":0,"comment_status":"closed","ping_status":"closed","template":"","meta":{"footnotes":""},"class_list":["post-957","page","type-page","status-publish","hentry"],"yoast_head":"<!-- This site is optimized with the Yoast SEO plugin v24.9 - https:\/\/yoast.com\/wordpress\/plugins\/seo\/ -->\n<title>Leather Craftsmanship - WEI YEE<\/title>\n<meta name=\"robots\" content=\"index, follow, max-snippet:-1, max-image-preview:large, max-video-preview:-1\" \/>\n<link rel=\"canonical\" href=\"https:\/\/wei-yee.com\/\/leather-craftsmanship\/\" \/>\n<meta property=\"og:locale\" content=\"en_US\" \/>\n<meta property=\"og:type\" content=\"article\" \/>\n<meta property=\"og:title\" content=\"Leather Craftsmanship - WEI YEE\" \/>\n<meta property=\"og:description\" content=\"Les sacs WEI YEE sont fabriqu\u00e9s \u00e0 la main par les artisans de WEI YEE en utilisant du cuir pleine fleur de haute qualit\u00e9.\" \/>\n<meta property=\"og:url\" content=\"https:\/\/wei-yee.com\/\/leather-craftsmanship\/\" \/>\n<meta property=\"og:site_name\" content=\"WEI YEE\" \/>\n<meta property=\"article:modified_time\" content=\"2023-12-19T13:16:50+00:00\" \/>\n<meta name=\"twitter:card\" content=\"summary_large_image\" \/>\n<meta name=\"twitter:label1\" content=\"Est. reading time\" \/>\n\t<meta name=\"twitter:data1\" content=\"1 minute\" \/>\n<script type=\"application\/ld+json\" class=\"yoast-schema-graph\">{\"@context\":\"https:\/\/schema.org\",\"@graph\":[{\"@type\":\"WebPage\",\"@id\":\"https:\/\/wei-yee.com\/\/leather-craftsmanship\/\",\"url\":\"https:\/\/wei-yee.com\/\/leather-craftsmanship\/\",\"name\":\"Leather Craftsmanship - WEI YEE\",\"isPartOf\":{\"@id\":\"https:\/\/wei-yee.com\/#website\"},\"datePublished\":\"2023-12-08T06:48:18+00:00\",\"dateModified\":\"2023-12-19T13:16:50+00:00\",\"breadcrumb\":{\"@id\":\"https:\/\/wei-yee.com\/\/leather-craftsmanship\/#breadcrumb\"},\"inLanguage\":\"en-US\",\"potentialAction\":[{\"@type\":\"ReadAction\",\"target\":[\"https:\/\/wei-yee.com\/\/leather-craftsmanship\/\"]}]},{\"@type\":\"BreadcrumbList\",\"@id\":\"https:\/\/wei-yee.com\/\/leather-craftsmanship\/#breadcrumb\",\"itemListElement\":[{\"@type\":\"ListItem\",\"position\":1,\"name\":\"Home\",\"item\":\"https:\/\/wei-yee.com\/\"},{\"@type\":\"ListItem\",\"position\":2,\"name\":\"Leather Craftsmanship\"}]},{\"@type\":\"WebSite\",\"@id\":\"https:\/\/wei-yee.com\/#website\",\"url\":\"https:\/\/wei-yee.com\/\",\"name\":\"WEI YEE\",\"description\":\"\",\"potentialAction\":[{\"@type\":\"SearchAction\",\"target\":{\"@type\":\"EntryPoint\",\"urlTemplate\":\"https:\/\/wei-yee.com\/?s={search_term_string}\"},\"query-input\":{\"@type\":\"PropertyValueSpecification\",\"valueRequired\":true,\"valueName\":\"search_term_string\"}}],\"inLanguage\":\"en-US\"}]}<\/script>\n<!-- \/ Yoast SEO plugin. -->","yoast_head_json":{"title":"Leather Craftsmanship - WEI YEE","robots":{"index":"index","follow":"follow","max-snippet":"max-snippet:-1","max-image-preview":"max-image-preview:large","max-video-preview":"max-video-preview:-1"},"canonical":"https:\/\/wei-yee.com\/\/leather-craftsmanship\/","og_locale":"en_US","og_type":"article","og_title":"Leather Craftsmanship - WEI YEE","og_description":"Les sacs WEI YEE sont fabriqu\u00e9s \u00e0 la main par les artisans de WEI YEE en utilisant du cuir pleine fleur de haute qualit\u00e9.","og_url":"https:\/\/wei-yee.com\/\/leather-craftsmanship\/","og_site_name":"WEI YEE","article_modified_time":"2023-12-19T13:16:50+00:00","twitter_card":"summary_large_image","twitter_misc":{"Est. reading time":"1 minute"},"schema":{"@context":"https:\/\/schema.org","@graph":[{"@type":"WebPage","@id":"https:\/\/wei-yee.com\/\/leather-craftsmanship\/","url":"https:\/\/wei-yee.com\/\/leather-craftsmanship\/","name":"Leather Craftsmanship - WEI YEE","isPartOf":{"@id":"https:\/\/wei-yee.com\/#website"},"datePublished":"2023-12-08T06:48:18+00:00","dateModified":"2023-12-19T13:16:50+00:00","breadcrumb":{"@id":"https:\/\/wei-yee.com\/\/leather-craftsmanship\/#breadcrumb"},"inLanguage":"en-US","potentialAction":[{"@type":"ReadAction","target":["https:\/\/wei-yee.com\/\/leather-craftsmanship\/"]}]},{"@type":"BreadcrumbList","@id":"https:\/\/wei-yee.com\/\/leather-craftsmanship\/#breadcrumb","itemListElement":[{"@type":"ListItem","position":1,"name":"Home","item":"https:\/\/wei-yee.com\/"},{"@type":"ListItem","position":2,"name":"Leather Craftsmanship"}]},{"@type":"WebSite","@id":"https:\/\/wei-yee.com\/#website","url":"https:\/\/wei-yee.com\/","name":"WEI YEE","description":"","potentialAction":[{"@type":"SearchAction","target":{"@type":"EntryPoint","urlTemplate":"https:\/\/wei-yee.com\/?s={search_term_string}"},"query-input":{"@type":"PropertyValueSpecification","valueRequired":true,"valueName":"search_term_string"}}],"inLanguage":"en-US"}]}},"_links":{"self":[{"href":"https:\/\/wei-yee.com\/fr\/wp-json\/wp\/v2\/pages\/957","targetHints":{"allow":["GET"]}}],"collection":[{"href":"https:\/\/wei-yee.com\/fr\/wp-json\/wp\/v2\/pages"}],"about":[{"href":"https:\/\/wei-yee.com\/fr\/wp-json\/wp\/v2\/types\/page"}],"author":[{"embeddable":true,"href":"https:\/\/wei-yee.com\/fr\/wp-json\/wp\/v2\/users\/1"}],"replies":[{"embeddable":true,"href":"https:\/\/wei-yee.com\/fr\/wp-json\/wp\/v2\/comments?post=957"}],"version-history":[{"count":2,"href":"https:\/\/wei-yee.com\/fr\/wp-json\/wp\/v2\/pages\/957\/revisions"}],"predecessor-version":[{"id":1062,"href":"https:\/\/wei-yee.com\/fr\/wp-json\/wp\/v2\/pages\/957\/revisions\/1062"}],"wp:attachment":[{"href":"https:\/\/wei-yee.com\/fr\/wp-json\/wp\/v2\/media?parent=957"}],"curies":[{"name":"wp","href":"https:\/\/api.w.org\/{rel}","templated":true}]}}