 
{"id":955,"date":"2023-12-08T06:46:34","date_gmt":"2023-12-08T06:46:34","guid":{"rendered":"https:\/\/wei-yee.com\/?page_id=955"},"modified":"2023-12-19T13:19:45","modified_gmt":"2023-12-19T13:19:45","slug":"kesi-chinese-silk-tapestry-weaving","status":"publish","type":"page","link":"https:\/\/wei-yee.com\/fr\/kesi-chinese-silk-tapestry-weaving\/","title":{"rendered":"KESI (Tissage de tapisserie chinoise en soie)"},"content":{"rendered":"<p><iframe title=\"YouTube video player\" src=\"https:\/\/www.youtube.com\/embed\/CPvzuVOYEsE?si=iNXLQHOGz4Kg5dJx\" width=\"560\" height=\"315\" frameborder=\"0\" allowfullscreen=\"allowfullscreen\" data-mce-fragment=\"1\"><\/iframe><br \/><!-- \/wp:html --><\/p><p><!-- wp:paragraph --><\/p><p>Kesi est l'essence des arts traditionnels de la soie en Chine. Depuis la dynastie des Song et des Yuan, elle a \u00e9t\u00e9 r\u00e9serv\u00e9e \u00e0 l'usage exclusif de l'empereur, produite sous le monopole royal. Elle est fr\u00e9quemment utilis\u00e9e pour tisser les v\u00eatements imp\u00e9riaux, les portraits imp\u00e9riaux (repr\u00e9sentations de l'empereur) et pour reproduire des peintures et calligraphies c\u00e9l\u00e8bres. Kesi, en raison de son processus de tissage extr\u00eamement d\u00e9licat, incarne une noblesse \u00e9l\u00e9gante, et elle est souvent qualifi\u00e9e de \"un pouce de Kesi, un pouce d'or\" et de \"la saintet\u00e9 au sein du tissage\".<\/p><p><!-- \/wp:paragraph --><\/p><p><!-- wp:paragraph --><\/p><p>Kesi utilise la technique de tissage \"traverser la cha\u00eene, couper la trame\" pour former les fronti\u00e8res des motifs, cr\u00e9ant un effet similaire \u00e0 une sculpture cisel\u00e9e, tout en \u00e9tant riche en relief des deux c\u00f4t\u00e9s. L'artisanat de Kesi est extr\u00eamement exquis, atteignant son apog\u00e9e pendant la dynastie Tang. Une \u0153uvre de Kesi de qualit\u00e9 sup\u00e9rieure peut utiliser des fils d'or pur, d'argent pur, des plumes de paon, et d'autres mat\u00e9riaux pr\u00e9cieux pour cr\u00e9er des motifs entrelac\u00e9s, d\u00e9montrant une habilet\u00e9 artistique extraordinaire. De plus, la force de Kesi est bien sup\u00e9rieure \u00e0 celle de tout autre artisanat de soie, ce qui en fait l'une des formes d'art de la soie les mieux pr\u00e9serv\u00e9es au fil des dynasties.<\/p><p><!-- \/wp:paragraph --><\/p><p><!-- wp:paragraph --><\/p><p>La noblesse de Kesi r\u00e9side dans le temps consid\u00e9rable n\u00e9cessaire \u00e0 sa r\u00e9alisation, avec des milliers de fils et de fibres n\u00e9cessaires \u00e0 son habilet\u00e9. En tant qu'ancien artisanat, elle n\u00e9cessite des m\u00e9tiers sp\u00e9cialis\u00e9s qui ne peuvent \u00eatre remplac\u00e9s par des machines modernes. Les artisans doivent ma\u00eetriser les techniques de tissage de Kesi et avoir une connaissance approfondie de la th\u00e9orie artistique pour combiner harmonieusement la richesse des couleurs avec des techniques expertes. M\u00eame une petite pi\u00e8ce de Kesi de qualit\u00e9 sup\u00e9rieure peut contenir des milliers de nuances progressives, n\u00e9cessitant souvent le remplacement de milliers de navettes, et peut prendre des mois pour \u00eatre achev\u00e9e par un ma\u00eetre artisan.<\/p><p><!-- \/wp:paragraph --><\/p><p><!-- wp:paragraph --><\/p><p>En 2006, la technique de Kesi de Suzhou a \u00e9t\u00e9 inscrite sur la premi\u00e8re liste des patrimoines culturels immat\u00e9riels nationaux en Chine ; en 2009, Kesi a \u00e9t\u00e9 inscrite au patrimoine culturel immat\u00e9riel de l'humanit\u00e9 en tant que technique de tissage de soie chinoise.<\/p>","protected":false},"excerpt":{"rendered":"<p>Kesi est l&#8217;essence des arts traditionnels de la soie en Chine. Depuis la dynastie des Song et des Yuan, elle a \u00e9t\u00e9 r\u00e9serv\u00e9e \u00e0 l&#8217;usage exclusif de l&#8217;empereur, produite sous le monopole royal. Elle est fr\u00e9quemment utilis\u00e9e pour tisser les v\u00eatements imp\u00e9riaux, les portraits imp\u00e9riaux (repr\u00e9sentations de l&#8217;empereur) et pour reproduire des peintures et calligraphies [&hellip;]<\/p>\n","protected":false},"author":1,"featured_media":0,"parent":0,"menu_order":0,"comment_status":"closed","ping_status":"closed","template":"","meta":{"footnotes":""},"class_list":["post-955","page","type-page","status-publish","hentry"],"yoast_head":"<!-- This site is optimized with the Yoast SEO plugin v24.9 - https:\/\/yoast.com\/wordpress\/plugins\/seo\/ -->\n<title>Kesi (Chinese Silk Tapestry Weaving) - WEI YEE<\/title>\n<meta name=\"robots\" content=\"index, follow, max-snippet:-1, max-image-preview:large, max-video-preview:-1\" \/>\n<link rel=\"canonical\" href=\"https:\/\/wei-yee.com\/\/kesi-chinese-silk-tapestry-weaving\/\" \/>\n<meta property=\"og:locale\" content=\"en_US\" \/>\n<meta property=\"og:type\" content=\"article\" \/>\n<meta property=\"og:title\" content=\"Kesi (Chinese Silk Tapestry Weaving) - WEI YEE\" \/>\n<meta property=\"og:description\" content=\"Kesi est l&#039;essence des arts traditionnels de la soie en Chine. Depuis la dynastie des Song et des Yuan, elle a \u00e9t\u00e9 r\u00e9serv\u00e9e \u00e0 l&#039;usage exclusif de l&#039;empereur, produite sous le monopole royal. Elle est fr\u00e9quemment utilis\u00e9e pour tisser les v\u00eatements imp\u00e9riaux, les portraits imp\u00e9riaux (repr\u00e9sentations de l&#039;empereur) et pour reproduire des peintures et calligraphies [&hellip;]\" \/>\n<meta property=\"og:url\" content=\"https:\/\/wei-yee.com\/\/kesi-chinese-silk-tapestry-weaving\/\" \/>\n<meta property=\"og:site_name\" content=\"WEI YEE\" \/>\n<meta property=\"article:modified_time\" content=\"2023-12-19T13:19:45+00:00\" \/>\n<meta name=\"twitter:card\" content=\"summary_large_image\" \/>\n<meta name=\"twitter:label1\" content=\"Est. reading time\" \/>\n\t<meta name=\"twitter:data1\" content=\"2 minutes\" \/>\n<script type=\"application\/ld+json\" class=\"yoast-schema-graph\">{\"@context\":\"https:\/\/schema.org\",\"@graph\":[{\"@type\":\"WebPage\",\"@id\":\"https:\/\/wei-yee.com\/\/kesi-chinese-silk-tapestry-weaving\/\",\"url\":\"https:\/\/wei-yee.com\/\/kesi-chinese-silk-tapestry-weaving\/\",\"name\":\"Kesi (Chinese Silk Tapestry Weaving) - WEI YEE\",\"isPartOf\":{\"@id\":\"https:\/\/wei-yee.com\/#website\"},\"datePublished\":\"2023-12-08T06:46:34+00:00\",\"dateModified\":\"2023-12-19T13:19:45+00:00\",\"breadcrumb\":{\"@id\":\"https:\/\/wei-yee.com\/\/kesi-chinese-silk-tapestry-weaving\/#breadcrumb\"},\"inLanguage\":\"en-US\",\"potentialAction\":[{\"@type\":\"ReadAction\",\"target\":[\"https:\/\/wei-yee.com\/\/kesi-chinese-silk-tapestry-weaving\/\"]}]},{\"@type\":\"BreadcrumbList\",\"@id\":\"https:\/\/wei-yee.com\/\/kesi-chinese-silk-tapestry-weaving\/#breadcrumb\",\"itemListElement\":[{\"@type\":\"ListItem\",\"position\":1,\"name\":\"Home\",\"item\":\"https:\/\/wei-yee.com\/\"},{\"@type\":\"ListItem\",\"position\":2,\"name\":\"Kesi (Chinese Silk Tapestry Weaving)\"}]},{\"@type\":\"WebSite\",\"@id\":\"https:\/\/wei-yee.com\/#website\",\"url\":\"https:\/\/wei-yee.com\/\",\"name\":\"WEI YEE\",\"description\":\"\",\"potentialAction\":[{\"@type\":\"SearchAction\",\"target\":{\"@type\":\"EntryPoint\",\"urlTemplate\":\"https:\/\/wei-yee.com\/?s={search_term_string}\"},\"query-input\":{\"@type\":\"PropertyValueSpecification\",\"valueRequired\":true,\"valueName\":\"search_term_string\"}}],\"inLanguage\":\"en-US\"}]}<\/script>\n<!-- \/ Yoast SEO plugin. -->","yoast_head_json":{"title":"Kesi (Chinese Silk Tapestry Weaving) - WEI YEE","robots":{"index":"index","follow":"follow","max-snippet":"max-snippet:-1","max-image-preview":"max-image-preview:large","max-video-preview":"max-video-preview:-1"},"canonical":"https:\/\/wei-yee.com\/\/kesi-chinese-silk-tapestry-weaving\/","og_locale":"en_US","og_type":"article","og_title":"Kesi (Chinese Silk Tapestry Weaving) - WEI YEE","og_description":"Kesi est l'essence des arts traditionnels de la soie en Chine. Depuis la dynastie des Song et des Yuan, elle a \u00e9t\u00e9 r\u00e9serv\u00e9e \u00e0 l'usage exclusif de l'empereur, produite sous le monopole royal. Elle est fr\u00e9quemment utilis\u00e9e pour tisser les v\u00eatements imp\u00e9riaux, les portraits imp\u00e9riaux (repr\u00e9sentations de l'empereur) et pour reproduire des peintures et calligraphies [&hellip;]","og_url":"https:\/\/wei-yee.com\/\/kesi-chinese-silk-tapestry-weaving\/","og_site_name":"WEI YEE","article_modified_time":"2023-12-19T13:19:45+00:00","twitter_card":"summary_large_image","twitter_misc":{"Est. reading time":"2 minutes"},"schema":{"@context":"https:\/\/schema.org","@graph":[{"@type":"WebPage","@id":"https:\/\/wei-yee.com\/\/kesi-chinese-silk-tapestry-weaving\/","url":"https:\/\/wei-yee.com\/\/kesi-chinese-silk-tapestry-weaving\/","name":"Kesi (Chinese Silk Tapestry Weaving) - WEI YEE","isPartOf":{"@id":"https:\/\/wei-yee.com\/#website"},"datePublished":"2023-12-08T06:46:34+00:00","dateModified":"2023-12-19T13:19:45+00:00","breadcrumb":{"@id":"https:\/\/wei-yee.com\/\/kesi-chinese-silk-tapestry-weaving\/#breadcrumb"},"inLanguage":"en-US","potentialAction":[{"@type":"ReadAction","target":["https:\/\/wei-yee.com\/\/kesi-chinese-silk-tapestry-weaving\/"]}]},{"@type":"BreadcrumbList","@id":"https:\/\/wei-yee.com\/\/kesi-chinese-silk-tapestry-weaving\/#breadcrumb","itemListElement":[{"@type":"ListItem","position":1,"name":"Home","item":"https:\/\/wei-yee.com\/"},{"@type":"ListItem","position":2,"name":"Kesi (Chinese Silk Tapestry Weaving)"}]},{"@type":"WebSite","@id":"https:\/\/wei-yee.com\/#website","url":"https:\/\/wei-yee.com\/","name":"WEI YEE","description":"","potentialAction":[{"@type":"SearchAction","target":{"@type":"EntryPoint","urlTemplate":"https:\/\/wei-yee.com\/?s={search_term_string}"},"query-input":{"@type":"PropertyValueSpecification","valueRequired":true,"valueName":"search_term_string"}}],"inLanguage":"en-US"}]}},"_links":{"self":[{"href":"https:\/\/wei-yee.com\/fr\/wp-json\/wp\/v2\/pages\/955","targetHints":{"allow":["GET"]}}],"collection":[{"href":"https:\/\/wei-yee.com\/fr\/wp-json\/wp\/v2\/pages"}],"about":[{"href":"https:\/\/wei-yee.com\/fr\/wp-json\/wp\/v2\/types\/page"}],"author":[{"embeddable":true,"href":"https:\/\/wei-yee.com\/fr\/wp-json\/wp\/v2\/users\/1"}],"replies":[{"embeddable":true,"href":"https:\/\/wei-yee.com\/fr\/wp-json\/wp\/v2\/comments?post=955"}],"version-history":[{"count":2,"href":"https:\/\/wei-yee.com\/fr\/wp-json\/wp\/v2\/pages\/955\/revisions"}],"predecessor-version":[{"id":1063,"href":"https:\/\/wei-yee.com\/fr\/wp-json\/wp\/v2\/pages\/955\/revisions\/1063"}],"wp:attachment":[{"href":"https:\/\/wei-yee.com\/fr\/wp-json\/wp\/v2\/media?parent=955"}],"curies":[{"name":"wp","href":"https:\/\/api.w.org\/{rel}","templated":true}]}}