 
{"id":953,"date":"2023-12-08T06:45:09","date_gmt":"2023-12-08T06:45:09","guid":{"rendered":"https:\/\/wei-yee.com\/?page_id=953"},"modified":"2023-12-19T13:22:27","modified_gmt":"2023-12-19T13:22:27","slug":"mokume-gane","status":"publish","type":"page","link":"https:\/\/wei-yee.com\/fr\/mokume-gane\/","title":{"rendered":"M\u00e9tal avec Grain de Bois"},"content":{"rendered":"<p><!-- wp:html --><br \/><iframe title=\"YouTube video player\" src=\"https:\/\/www.youtube.com\/embed\/xxQ0TQDWuZo?si=qybGZ2HLDN1JAoGD\" width=\"560\" height=\"315\" frameborder=\"0\" allowfullscreen=\"allowfullscreen\" data-mce-fragment=\"1\"><\/iframe><br \/><!-- \/wp:html --><\/p><p><!-- wp:paragraph --><\/p><p>Mokume Gane est une technique m\u00e9tallique qui reproduit des motifs de bois sur la surface du m\u00e9tal. En utilisant des m\u00e9taux de couleurs diff\u00e9rentes tels que le platine, l'or jaune, l'or rose, le cuivre rouge, l'argent, le cuivre pourpre, le laiton, le fer, l'acier, le titane, etc., ces m\u00e9taux sont superpos\u00e9s les uns sur les autres, fusionn\u00e9s \u00e0 haute temp\u00e9rature et pression. Apr\u00e8s cela, ils subissent des processus tels que le forgeage, le martelage, la pression au marteau, le sciage, le limage et le polissage, permettant aux couches de couleur inh\u00e9rente du m\u00e9tal de se superposer, cr\u00e9ant ainsi un effet de texture naturelle et riche. Apr\u00e8s plusieurs couches de superposition, un ciselage au burin en acier est r\u00e9alis\u00e9, ou une d\u00e9coupe \u00e0 la perceuse pour cr\u00e9er des motifs semblables \u00e0 des veines de bois \u00e0 la surface.<\/p><p>Mokume Gane, depuis ses d\u00e9buts, rayonne de couleurs magnifiques dans la sobri\u00e9t\u00e9. Il utilise habilement les teintes diff\u00e9rentes des m\u00e9taux pour cr\u00e9er l'effet visuel des veines du bois, montrant la beaut\u00e9 de la synth\u00e8se des couleurs inh\u00e9rentes \u00e0 diff\u00e9rents m\u00e9taux. Il ajoute ainsi un magnifique chapitre, tel un orchestre, aux ustensiles en m\u00e9tal monochrome.<\/p><p>L'histoire du Mokume Gane remonte au d\u00e9but de l'\u00e9poque d'Edo au Japon (vers 1600 apr\u00e8s J.-C.), lorsque les artisans forgerons de sabres grav\u00e8rent des gardes d'\u00e9p\u00e9es. \u00c0 l'\u00e9poque, les artisans japonais s'inspir\u00e8rent de l'artisanat chinois du laquage sculpt\u00e9, en particulier la technique du \"duizhu\" (\u5806\u6731), appel\u00e9e \"laquage sculpt\u00e9\" en Chine. L'artisanat chinois du laquage sculpt\u00e9 consiste principalement en l'alternance de couches de deux types de laque, noir et rouge, avec des motifs en spirale sculpt\u00e9s \u00e0 la surface, cr\u00e9ant une technique complexe en couches.<\/p><p>En raison de la complexit\u00e9 du processus de fabrication du Mokume Gane, il ne n\u00e9cessite pas seulement de la force physique, mais aussi un esprit fort et une concentration. L'exp\u00e9rience accumul\u00e9e par les artisans dans le travail des m\u00e9taux joue un r\u00f4le crucial dans le processus de fabrication du Mokume Gane, et les artisans du m\u00e9tal moins exp\u00e9riment\u00e9s h\u00e9sitent souvent \u00e0 essayer de fabriquer du Mokume Gane. Par cons\u00e9quent, la technique du Mokume Gane reste peu r\u00e9pandue, seuls quelques artisans \u00e9tant capables de la ma\u00eetriser avec comp\u00e9tence.<\/p><p>Au cours de ses plus de quatre cents ans d'histoire, Mokume Gane a d\u00e9velopp\u00e9 une forme artistique unique. On peut dire que cette forme artistique particuli\u00e8re d\u00e9coule de la r\u00e9flexion et de la compr\u00e9hension de la nature par les artisans, et elle est parfaitement en accord avec l'esth\u00e9tique orientale. Souvent inspir\u00e9e par des \u00e9l\u00e9ments naturels, elle retourne finalement \u00e0 la nature.<\/p><p><!-- \/wp:paragraph --><\/p>","protected":false},"excerpt":{"rendered":"<p>Mokume Gane est une technique m\u00e9tallique qui reproduit des motifs de bois sur la surface du m\u00e9tal. En utilisant des m\u00e9taux de couleurs diff\u00e9rentes tels que le platine, l&#8217;or jaune, l&#8217;or rose, le cuivre rouge, l&#8217;argent, le cuivre pourpre, le laiton, le fer, l&#8217;acier, le titane, etc., ces m\u00e9taux sont superpos\u00e9s les uns sur les [&hellip;]<\/p>\n","protected":false},"author":1,"featured_media":0,"parent":0,"menu_order":0,"comment_status":"closed","ping_status":"closed","template":"","meta":{"footnotes":""},"class_list":["post-953","page","type-page","status-publish","hentry"],"yoast_head":"<!-- This site is optimized with the Yoast SEO plugin v24.9 - https:\/\/yoast.com\/wordpress\/plugins\/seo\/ -->\n<title>Mokume Gane - WEI YEE<\/title>\n<meta name=\"robots\" content=\"index, follow, max-snippet:-1, max-image-preview:large, max-video-preview:-1\" \/>\n<link rel=\"canonical\" href=\"https:\/\/wei-yee.com\/\/mokume-gane\/\" \/>\n<meta property=\"og:locale\" content=\"en_US\" \/>\n<meta property=\"og:type\" content=\"article\" \/>\n<meta property=\"og:title\" content=\"Mokume Gane - WEI YEE\" \/>\n<meta property=\"og:description\" content=\"Mokume Gane est une technique m\u00e9tallique qui reproduit des motifs de bois sur la surface du m\u00e9tal. En utilisant des m\u00e9taux de couleurs diff\u00e9rentes tels que le platine, l&#039;or jaune, l&#039;or rose, le cuivre rouge, l&#039;argent, le cuivre pourpre, le laiton, le fer, l&#039;acier, le titane, etc., ces m\u00e9taux sont superpos\u00e9s les uns sur les [&hellip;]\" \/>\n<meta property=\"og:url\" content=\"https:\/\/wei-yee.com\/\/mokume-gane\/\" \/>\n<meta property=\"og:site_name\" content=\"WEI YEE\" \/>\n<meta property=\"article:modified_time\" content=\"2023-12-19T13:22:27+00:00\" \/>\n<meta name=\"twitter:card\" content=\"summary_large_image\" \/>\n<meta name=\"twitter:label1\" content=\"Est. reading time\" \/>\n\t<meta name=\"twitter:data1\" content=\"2 minutes\" \/>\n<script type=\"application\/ld+json\" class=\"yoast-schema-graph\">{\"@context\":\"https:\/\/schema.org\",\"@graph\":[{\"@type\":\"WebPage\",\"@id\":\"https:\/\/wei-yee.com\/\/mokume-gane\/\",\"url\":\"https:\/\/wei-yee.com\/\/mokume-gane\/\",\"name\":\"Mokume Gane - WEI YEE\",\"isPartOf\":{\"@id\":\"https:\/\/wei-yee.com\/#website\"},\"datePublished\":\"2023-12-08T06:45:09+00:00\",\"dateModified\":\"2023-12-19T13:22:27+00:00\",\"breadcrumb\":{\"@id\":\"https:\/\/wei-yee.com\/\/mokume-gane\/#breadcrumb\"},\"inLanguage\":\"en-US\",\"potentialAction\":[{\"@type\":\"ReadAction\",\"target\":[\"https:\/\/wei-yee.com\/\/mokume-gane\/\"]}]},{\"@type\":\"BreadcrumbList\",\"@id\":\"https:\/\/wei-yee.com\/\/mokume-gane\/#breadcrumb\",\"itemListElement\":[{\"@type\":\"ListItem\",\"position\":1,\"name\":\"Home\",\"item\":\"https:\/\/wei-yee.com\/\"},{\"@type\":\"ListItem\",\"position\":2,\"name\":\"Mokume Gane\"}]},{\"@type\":\"WebSite\",\"@id\":\"https:\/\/wei-yee.com\/#website\",\"url\":\"https:\/\/wei-yee.com\/\",\"name\":\"WEI YEE\",\"description\":\"\",\"potentialAction\":[{\"@type\":\"SearchAction\",\"target\":{\"@type\":\"EntryPoint\",\"urlTemplate\":\"https:\/\/wei-yee.com\/?s={search_term_string}\"},\"query-input\":{\"@type\":\"PropertyValueSpecification\",\"valueRequired\":true,\"valueName\":\"search_term_string\"}}],\"inLanguage\":\"en-US\"}]}<\/script>\n<!-- \/ Yoast SEO plugin. -->","yoast_head_json":{"title":"Mokume Gane - WEI YEE","robots":{"index":"index","follow":"follow","max-snippet":"max-snippet:-1","max-image-preview":"max-image-preview:large","max-video-preview":"max-video-preview:-1"},"canonical":"https:\/\/wei-yee.com\/\/mokume-gane\/","og_locale":"en_US","og_type":"article","og_title":"Mokume Gane - WEI YEE","og_description":"Mokume Gane est une technique m\u00e9tallique qui reproduit des motifs de bois sur la surface du m\u00e9tal. En utilisant des m\u00e9taux de couleurs diff\u00e9rentes tels que le platine, l'or jaune, l'or rose, le cuivre rouge, l'argent, le cuivre pourpre, le laiton, le fer, l'acier, le titane, etc., ces m\u00e9taux sont superpos\u00e9s les uns sur les [&hellip;]","og_url":"https:\/\/wei-yee.com\/\/mokume-gane\/","og_site_name":"WEI YEE","article_modified_time":"2023-12-19T13:22:27+00:00","twitter_card":"summary_large_image","twitter_misc":{"Est. reading time":"2 minutes"},"schema":{"@context":"https:\/\/schema.org","@graph":[{"@type":"WebPage","@id":"https:\/\/wei-yee.com\/\/mokume-gane\/","url":"https:\/\/wei-yee.com\/\/mokume-gane\/","name":"Mokume Gane - WEI YEE","isPartOf":{"@id":"https:\/\/wei-yee.com\/#website"},"datePublished":"2023-12-08T06:45:09+00:00","dateModified":"2023-12-19T13:22:27+00:00","breadcrumb":{"@id":"https:\/\/wei-yee.com\/\/mokume-gane\/#breadcrumb"},"inLanguage":"en-US","potentialAction":[{"@type":"ReadAction","target":["https:\/\/wei-yee.com\/\/mokume-gane\/"]}]},{"@type":"BreadcrumbList","@id":"https:\/\/wei-yee.com\/\/mokume-gane\/#breadcrumb","itemListElement":[{"@type":"ListItem","position":1,"name":"Home","item":"https:\/\/wei-yee.com\/"},{"@type":"ListItem","position":2,"name":"Mokume Gane"}]},{"@type":"WebSite","@id":"https:\/\/wei-yee.com\/#website","url":"https:\/\/wei-yee.com\/","name":"WEI YEE","description":"","potentialAction":[{"@type":"SearchAction","target":{"@type":"EntryPoint","urlTemplate":"https:\/\/wei-yee.com\/?s={search_term_string}"},"query-input":{"@type":"PropertyValueSpecification","valueRequired":true,"valueName":"search_term_string"}}],"inLanguage":"en-US"}]}},"_links":{"self":[{"href":"https:\/\/wei-yee.com\/fr\/wp-json\/wp\/v2\/pages\/953","targetHints":{"allow":["GET"]}}],"collection":[{"href":"https:\/\/wei-yee.com\/fr\/wp-json\/wp\/v2\/pages"}],"about":[{"href":"https:\/\/wei-yee.com\/fr\/wp-json\/wp\/v2\/types\/page"}],"author":[{"embeddable":true,"href":"https:\/\/wei-yee.com\/fr\/wp-json\/wp\/v2\/users\/1"}],"replies":[{"embeddable":true,"href":"https:\/\/wei-yee.com\/fr\/wp-json\/wp\/v2\/comments?post=953"}],"version-history":[{"count":2,"href":"https:\/\/wei-yee.com\/fr\/wp-json\/wp\/v2\/pages\/953\/revisions"}],"predecessor-version":[{"id":1064,"href":"https:\/\/wei-yee.com\/fr\/wp-json\/wp\/v2\/pages\/953\/revisions\/1064"}],"wp:attachment":[{"href":"https:\/\/wei-yee.com\/fr\/wp-json\/wp\/v2\/media?parent=953"}],"curies":[{"name":"wp","href":"https:\/\/api.w.org\/{rel}","templated":true}]}}