 
{"id":951,"date":"2023-12-08T06:43:34","date_gmt":"2023-12-08T06:43:34","guid":{"rendered":"https:\/\/wei-yee.com\/?page_id=951"},"modified":"2023-12-18T03:40:14","modified_gmt":"2023-12-18T03:40:14","slug":"lacquerware","status":"publish","type":"page","link":"https:\/\/wei-yee.com\/fr\/lacquerware\/","title":{"rendered":"La laque"},"content":{"rendered":"<p><iframe title=\"YouTube video player\" src=\"https:\/\/www.youtube.com\/embed\/M4Gep8ggpnU?si=XJ7ga_iWnYJMzmyU\" width=\"560\" height=\"315\" frameborder=\"0\" allowfullscreen=\"allowfullscreen\" data-mce-fragment=\"1\"><\/iframe><br \/><!-- \/wp:html --><\/p><p><!-- wp:paragraph --><\/p><p>La laque est un artisanat quotidien et artistique fabriqu\u00e9 en appliquant de la laque naturelle sur divers objets. La laque naturelle est le jus extrait du vernis naturel, un liquide naturel r\u00e9colt\u00e9 \u00e0 partir de l'arbre \u00e0 laque. Utilis\u00e9 comme rev\u00eatement, il pr\u00e9sente des propri\u00e9t\u00e9s telles que la r\u00e9sistance \u00e0 l'humidit\u00e9, \u00e0 la chaleur, aux acides et aux alcalis, l'isolation et la r\u00e9sistance \u00e0 la corrosion. L'arbre \u00e0 laque n\u00e9cessite dix ans de croissance avant de pouvoir \u00eatre r\u00e9colt\u00e9, et la p\u00e9riode de la mi-\u00e9t\u00e9 est la plus propice \u00e0 la coupe de la laque. Un seul arbre \u00e0 laque ne peut produire que 10 kilogrammes de laque au cours de sa vie, avec des r\u00e8gles strictes et des m\u00e9thodes de coupe. Une petite erreur peut entra\u00eener la mort de l'arbre \u00e0 laque, ce qui rend la r\u00e9colte extr\u00eamement difficile et justifie l'expression \"cent kilom\u00e8tres, mille couteaux, un kilogramme de laque\", soulignant ainsi la valeur \u00e9lev\u00e9e de la laque.<\/p><p>La Chine a commenc\u00e9 \u00e0 utiliser la laque d\u00e8s le N\u00e9olithique, il y a plus de 7000 ans, ce qui en fait le premier pays au monde \u00e0 d\u00e9couvrir et \u00e0 utiliser la laque naturelle. Apr\u00e8s une longue pratique, l'artisanat de la laque en Chine a atteint un niveau \u00e9lev\u00e9, avec 497 techniques diff\u00e9rentes r\u00e9pertori\u00e9es dans le livre \"Kuishi Lu\" de la dynastie Ming.<\/p><p>Dans l'ancienne Chine, les objets laqu\u00e9s \u00e9taient les dotations les plus recherch\u00e9es par les nouvelles mari\u00e9es. Dans les familles royales et nobles, les meubles, les ustensiles et les objets pour se reposer \u00e9taient tous des objets laqu\u00e9s de haute qualit\u00e9. La laque a une sensation de vie, et une \u0153uvre r\u00e9cemment achev\u00e9e est comme un b\u00e9b\u00e9, se d\u00e9veloppant constamment au fil des ans. Chaque couche de laque a \u00e9galement un \u00e9tat de \"r\u00e9veil\" diff\u00e9rent. Lorsqu'elle est appliqu\u00e9e, la laque pr\u00e9sente une sensation de chaleur et de douceur, et au fil du temps, elle d\u00e9veloppe une beaut\u00e9 subtile et riche. C'est cette caract\u00e9ristique qui conf\u00e8re aux \u0153uvres laqu\u00e9es une durabilit\u00e9 exceptionnelle et une beaut\u00e9 artistique intemporelle, pr\u00e9servant ainsi l'histoire de la civilisation chinoise ancienne et sa perp\u00e9tuation.<\/p>","protected":false},"excerpt":{"rendered":"<p>La laque est un artisanat quotidien et artistique fabriqu\u00e9 en appliquant de la laque naturelle sur divers objets. La laque naturelle est le jus extrait du vernis naturel, un liquide naturel r\u00e9colt\u00e9 \u00e0 partir de l&#8217;arbre \u00e0 laque. Utilis\u00e9 comme rev\u00eatement, il pr\u00e9sente des propri\u00e9t\u00e9s telles que la r\u00e9sistance \u00e0 l&#8217;humidit\u00e9, \u00e0 la chaleur, aux [&hellip;]<\/p>\n","protected":false},"author":1,"featured_media":0,"parent":0,"menu_order":0,"comment_status":"closed","ping_status":"closed","template":"","meta":{"footnotes":""},"class_list":["post-951","page","type-page","status-publish","hentry"],"yoast_head":"<!-- This site is optimized with the Yoast SEO plugin v24.9 - https:\/\/yoast.com\/wordpress\/plugins\/seo\/ -->\n<title>Lacquerware - WEI YEE<\/title>\n<meta name=\"robots\" content=\"index, follow, max-snippet:-1, max-image-preview:large, max-video-preview:-1\" \/>\n<link rel=\"canonical\" href=\"https:\/\/wei-yee.com\/\/lacquerware\/\" \/>\n<meta property=\"og:locale\" content=\"en_US\" \/>\n<meta property=\"og:type\" content=\"article\" \/>\n<meta property=\"og:title\" content=\"Lacquerware - WEI YEE\" \/>\n<meta property=\"og:description\" content=\"La laque est un artisanat quotidien et artistique fabriqu\u00e9 en appliquant de la laque naturelle sur divers objets. La laque naturelle est le jus extrait du vernis naturel, un liquide naturel r\u00e9colt\u00e9 \u00e0 partir de l&#039;arbre \u00e0 laque. Utilis\u00e9 comme rev\u00eatement, il pr\u00e9sente des propri\u00e9t\u00e9s telles que la r\u00e9sistance \u00e0 l&#039;humidit\u00e9, \u00e0 la chaleur, aux [&hellip;]\" \/>\n<meta property=\"og:url\" content=\"https:\/\/wei-yee.com\/\/lacquerware\/\" \/>\n<meta property=\"og:site_name\" content=\"WEI YEE\" \/>\n<meta property=\"article:modified_time\" content=\"2023-12-18T03:40:14+00:00\" \/>\n<meta name=\"twitter:card\" content=\"summary_large_image\" \/>\n<meta name=\"twitter:label1\" content=\"Est. reading time\" \/>\n\t<meta name=\"twitter:data1\" content=\"2 minutes\" \/>\n<script type=\"application\/ld+json\" class=\"yoast-schema-graph\">{\"@context\":\"https:\/\/schema.org\",\"@graph\":[{\"@type\":\"WebPage\",\"@id\":\"https:\/\/wei-yee.com\/\/lacquerware\/\",\"url\":\"https:\/\/wei-yee.com\/\/lacquerware\/\",\"name\":\"Lacquerware - WEI YEE\",\"isPartOf\":{\"@id\":\"https:\/\/wei-yee.com\/#website\"},\"datePublished\":\"2023-12-08T06:43:34+00:00\",\"dateModified\":\"2023-12-18T03:40:14+00:00\",\"breadcrumb\":{\"@id\":\"https:\/\/wei-yee.com\/\/lacquerware\/#breadcrumb\"},\"inLanguage\":\"en-US\",\"potentialAction\":[{\"@type\":\"ReadAction\",\"target\":[\"https:\/\/wei-yee.com\/\/lacquerware\/\"]}]},{\"@type\":\"BreadcrumbList\",\"@id\":\"https:\/\/wei-yee.com\/\/lacquerware\/#breadcrumb\",\"itemListElement\":[{\"@type\":\"ListItem\",\"position\":1,\"name\":\"Home\",\"item\":\"https:\/\/wei-yee.com\/\"},{\"@type\":\"ListItem\",\"position\":2,\"name\":\"Lacquerware\"}]},{\"@type\":\"WebSite\",\"@id\":\"https:\/\/wei-yee.com\/#website\",\"url\":\"https:\/\/wei-yee.com\/\",\"name\":\"WEI YEE\",\"description\":\"\",\"potentialAction\":[{\"@type\":\"SearchAction\",\"target\":{\"@type\":\"EntryPoint\",\"urlTemplate\":\"https:\/\/wei-yee.com\/?s={search_term_string}\"},\"query-input\":{\"@type\":\"PropertyValueSpecification\",\"valueRequired\":true,\"valueName\":\"search_term_string\"}}],\"inLanguage\":\"en-US\"}]}<\/script>\n<!-- \/ Yoast SEO plugin. -->","yoast_head_json":{"title":"Lacquerware - WEI YEE","robots":{"index":"index","follow":"follow","max-snippet":"max-snippet:-1","max-image-preview":"max-image-preview:large","max-video-preview":"max-video-preview:-1"},"canonical":"https:\/\/wei-yee.com\/\/lacquerware\/","og_locale":"en_US","og_type":"article","og_title":"Lacquerware - WEI YEE","og_description":"La laque est un artisanat quotidien et artistique fabriqu\u00e9 en appliquant de la laque naturelle sur divers objets. La laque naturelle est le jus extrait du vernis naturel, un liquide naturel r\u00e9colt\u00e9 \u00e0 partir de l'arbre \u00e0 laque. Utilis\u00e9 comme rev\u00eatement, il pr\u00e9sente des propri\u00e9t\u00e9s telles que la r\u00e9sistance \u00e0 l'humidit\u00e9, \u00e0 la chaleur, aux [&hellip;]","og_url":"https:\/\/wei-yee.com\/\/lacquerware\/","og_site_name":"WEI YEE","article_modified_time":"2023-12-18T03:40:14+00:00","twitter_card":"summary_large_image","twitter_misc":{"Est. reading time":"2 minutes"},"schema":{"@context":"https:\/\/schema.org","@graph":[{"@type":"WebPage","@id":"https:\/\/wei-yee.com\/\/lacquerware\/","url":"https:\/\/wei-yee.com\/\/lacquerware\/","name":"Lacquerware - WEI YEE","isPartOf":{"@id":"https:\/\/wei-yee.com\/#website"},"datePublished":"2023-12-08T06:43:34+00:00","dateModified":"2023-12-18T03:40:14+00:00","breadcrumb":{"@id":"https:\/\/wei-yee.com\/\/lacquerware\/#breadcrumb"},"inLanguage":"en-US","potentialAction":[{"@type":"ReadAction","target":["https:\/\/wei-yee.com\/\/lacquerware\/"]}]},{"@type":"BreadcrumbList","@id":"https:\/\/wei-yee.com\/\/lacquerware\/#breadcrumb","itemListElement":[{"@type":"ListItem","position":1,"name":"Home","item":"https:\/\/wei-yee.com\/"},{"@type":"ListItem","position":2,"name":"Lacquerware"}]},{"@type":"WebSite","@id":"https:\/\/wei-yee.com\/#website","url":"https:\/\/wei-yee.com\/","name":"WEI YEE","description":"","potentialAction":[{"@type":"SearchAction","target":{"@type":"EntryPoint","urlTemplate":"https:\/\/wei-yee.com\/?s={search_term_string}"},"query-input":{"@type":"PropertyValueSpecification","valueRequired":true,"valueName":"search_term_string"}}],"inLanguage":"en-US"}]}},"_links":{"self":[{"href":"https:\/\/wei-yee.com\/fr\/wp-json\/wp\/v2\/pages\/951","targetHints":{"allow":["GET"]}}],"collection":[{"href":"https:\/\/wei-yee.com\/fr\/wp-json\/wp\/v2\/pages"}],"about":[{"href":"https:\/\/wei-yee.com\/fr\/wp-json\/wp\/v2\/types\/page"}],"author":[{"embeddable":true,"href":"https:\/\/wei-yee.com\/fr\/wp-json\/wp\/v2\/users\/1"}],"replies":[{"embeddable":true,"href":"https:\/\/wei-yee.com\/fr\/wp-json\/wp\/v2\/comments?post=951"}],"version-history":[{"count":3,"href":"https:\/\/wei-yee.com\/fr\/wp-json\/wp\/v2\/pages\/951\/revisions"}],"predecessor-version":[{"id":1051,"href":"https:\/\/wei-yee.com\/fr\/wp-json\/wp\/v2\/pages\/951\/revisions\/1051"}],"wp:attachment":[{"href":"https:\/\/wei-yee.com\/fr\/wp-json\/wp\/v2\/media?parent=951"}],"curies":[{"name":"wp","href":"https:\/\/api.w.org\/{rel}","templated":true}]}}