 
{"id":949,"date":"2023-12-08T06:41:35","date_gmt":"2023-12-08T06:41:35","guid":{"rendered":"https:\/\/wei-yee.com\/?page_id=949"},"modified":"2023-12-27T16:05:53","modified_gmt":"2023-12-27T16:05:53","slug":"filigree-inlay","status":"publish","type":"page","link":"https:\/\/wei-yee.com\/fr\/filigree-inlay\/","title":{"rendered":"Incrustation en Filigrane"},"content":{"rendered":"<p><!-- wp:html --><br \/><iframe title=\"YouTube video player\" src=\"https:\/\/www.youtube.com\/embed\/zJB27Vwa56g?si=NbMtfSyXp5jIzjBw\" width=\"560\" height=\"315\" frameborder=\"0\" allowfullscreen=\"allowfullscreen\" data-mce-fragment=\"1\"><\/iframe><br \/><!-- \/wp:html --><\/p><p><!-- wp:paragraph --><\/p><p>\"La r\u00e9colte d'or pour faire des fils, habiles mains entrelac\u00e9es, incrustation de jade orn\u00e9e d'\u00e9meraude, c'est une \u0153uvre unique\", parle de l'artisanat de l'incrustation en filigrane. La couronne de ph\u00e9nix de l'imp\u00e9ratrice Ming Xiaozhuang, la couronne d'ailes de dragon en fil d'or de l'empereur Wanli, la coupe imp\u00e9riale d'or solide de la dynastie Qing, le plateau hexagonal en argent avec un paysage de p\u00eachers en or, et d'autres articles royaux exquis, sont tous des tr\u00e9sors transmis par l'artisanat de l'incrustation en filigrane.<\/p><p>L'incrustation en filigrane, \u00e9galement appel\u00e9e artisanat de la fine feuille d'or, trouve son origine pendant la p\u00e9riode des Royaumes combattants (770-476 av. J.-C.) dans la Chine ancienne et a atteint un niveau artistique \u00e9lev\u00e9 pendant la dynastie Ming. De l'or ou de l'argent pur sont tir\u00e9s en filaments aussi fins que des cheveux. Ces filaments sont ensuite nou\u00e9s, remplis, assembl\u00e9s, soud\u00e9s, tiss\u00e9s et empil\u00e9s pour former des motifs. L'incrustation consiste \u00e0 utiliser diff\u00e9rentes techniques pour fa\u00e7onner la feuille d'or ou d'argent, puis \u00e0 l'incruster de perles ou de pierres pr\u00e9cieuses. Tout le processus est tr\u00e8s complexe, passant par des dizaines d'\u00e9tapes, et avec l'utilisation de mat\u00e9riaux pr\u00e9cieux, dans l'histoire, l'artisanat de la filigrane et de l'incrustation a toujours \u00e9t\u00e9 r\u00e9serv\u00e9 \u00e0 la production d'articles royaux.<\/p><p><strong>Des dizaines de processus manuels<\/strong><\/p><p>Chaque technique de l'artisanat de la filigrane et de l'incrustation peut \u00eatre subdivis\u00e9e en comp\u00e9tences changeantes. La base est la filigrane. Avant que les filaments ne soient tir\u00e9s, l'argent ou l'or doit \u00eatre fondu \u00e0 haute temp\u00e9rature et transform\u00e9 en barres. Ensuite, la barre est martel\u00e9e \u00e0 plusieurs reprises jusqu'\u00e0 ce qu'elle prenne une forme carr\u00e9e appropri\u00e9e, puis le tirage formel peut commencer. Le tirage \u00e0 la main est une tradition qui perdure depuis des si\u00e8cles. La planche de tirage est un outil sp\u00e9cial sur lequel quarante \u00e0 cinquante \u0153illets de diam\u00e8tres diff\u00e9rents sont dispos\u00e9s, le plus fin \u00e9tant plus petit que les cheveux. Dans le processus d'affinage des filaments grossiers, ils doivent passer \u00e0 travers chaque \u0153illet par ordre d\u00e9croissant et ne peuvent pas \u00eatre saut\u00e9s. Parfois, il faut des dizaines de tirages pour obtenir le filament souhait\u00e9. Le moulage est la prochaine \u00e9tape apr\u00e8s le tirage ; les filaments sont ensuite fa\u00e7onn\u00e9s sur le moule par des techniques telles que l'enroulement, le remplissage, l'empilement, la tresse, etc. Apr\u00e8s la soudure et un polissage minutieux, des pierres pr\u00e9cieuses ou des perles sont incrust\u00e9es dans l'ouvrage m\u00e9tallique.<\/p><p>En juin 2008, la filigrane et l'incrustation ont \u00e9t\u00e9 inscrites sur la liste nationale du patrimoine culturel immat\u00e9riel.<\/p><p><!-- \/wp:paragraph --><\/p>","protected":false},"excerpt":{"rendered":"<p>&#8220;La r\u00e9colte d&#8217;or pour faire des fils, habiles mains entrelac\u00e9es, incrustation de jade orn\u00e9e d&#8217;\u00e9meraude, c&#8217;est une \u0153uvre unique&#8221;, parle de l&#8217;artisanat de l&#8217;incrustation en filigrane. La couronne de ph\u00e9nix de l&#8217;imp\u00e9ratrice Ming Xiaozhuang, la couronne d&#8217;ailes de dragon en fil d&#8217;or de l&#8217;empereur Wanli, la coupe imp\u00e9riale d&#8217;or solide de la dynastie Qing, le [&hellip;]<\/p>\n","protected":false},"author":1,"featured_media":0,"parent":0,"menu_order":0,"comment_status":"closed","ping_status":"closed","template":"","meta":{"footnotes":""},"class_list":["post-949","page","type-page","status-publish","hentry"],"yoast_head":"<!-- This site is optimized with the Yoast SEO plugin v24.9 - https:\/\/yoast.com\/wordpress\/plugins\/seo\/ -->\n<title>Filigree &amp; Inlay - WEI YEE<\/title>\n<meta name=\"robots\" content=\"index, follow, max-snippet:-1, max-image-preview:large, max-video-preview:-1\" \/>\n<link rel=\"canonical\" href=\"https:\/\/wei-yee.com\/\/filigree-inlay\/\" \/>\n<meta property=\"og:locale\" content=\"en_US\" \/>\n<meta property=\"og:type\" content=\"article\" \/>\n<meta property=\"og:title\" content=\"Filigree &amp; Inlay - WEI YEE\" \/>\n<meta property=\"og:description\" content=\"&quot;La r\u00e9colte d&#039;or pour faire des fils, habiles mains entrelac\u00e9es, incrustation de jade orn\u00e9e d&#039;\u00e9meraude, c&#039;est une \u0153uvre unique&quot;, parle de l&#039;artisanat de l&#039;incrustation en filigrane. La couronne de ph\u00e9nix de l&#039;imp\u00e9ratrice Ming Xiaozhuang, la couronne d&#039;ailes de dragon en fil d&#039;or de l&#039;empereur Wanli, la coupe imp\u00e9riale d&#039;or solide de la dynastie Qing, le [&hellip;]\" \/>\n<meta property=\"og:url\" content=\"https:\/\/wei-yee.com\/\/filigree-inlay\/\" \/>\n<meta property=\"og:site_name\" content=\"WEI YEE\" \/>\n<meta property=\"article:modified_time\" content=\"2023-12-27T16:05:53+00:00\" \/>\n<meta name=\"twitter:card\" content=\"summary_large_image\" \/>\n<meta name=\"twitter:label1\" content=\"Est. reading time\" \/>\n\t<meta name=\"twitter:data1\" content=\"2 minutes\" \/>\n<script type=\"application\/ld+json\" class=\"yoast-schema-graph\">{\"@context\":\"https:\/\/schema.org\",\"@graph\":[{\"@type\":\"WebPage\",\"@id\":\"https:\/\/wei-yee.com\/\/filigree-inlay\/\",\"url\":\"https:\/\/wei-yee.com\/\/filigree-inlay\/\",\"name\":\"Filigree & Inlay - WEI YEE\",\"isPartOf\":{\"@id\":\"https:\/\/wei-yee.com\/#website\"},\"datePublished\":\"2023-12-08T06:41:35+00:00\",\"dateModified\":\"2023-12-27T16:05:53+00:00\",\"breadcrumb\":{\"@id\":\"https:\/\/wei-yee.com\/\/filigree-inlay\/#breadcrumb\"},\"inLanguage\":\"en-US\",\"potentialAction\":[{\"@type\":\"ReadAction\",\"target\":[\"https:\/\/wei-yee.com\/\/filigree-inlay\/\"]}]},{\"@type\":\"BreadcrumbList\",\"@id\":\"https:\/\/wei-yee.com\/\/filigree-inlay\/#breadcrumb\",\"itemListElement\":[{\"@type\":\"ListItem\",\"position\":1,\"name\":\"Home\",\"item\":\"https:\/\/wei-yee.com\/\"},{\"@type\":\"ListItem\",\"position\":2,\"name\":\"Filigree & Inlay\"}]},{\"@type\":\"WebSite\",\"@id\":\"https:\/\/wei-yee.com\/#website\",\"url\":\"https:\/\/wei-yee.com\/\",\"name\":\"WEI YEE\",\"description\":\"\",\"potentialAction\":[{\"@type\":\"SearchAction\",\"target\":{\"@type\":\"EntryPoint\",\"urlTemplate\":\"https:\/\/wei-yee.com\/?s={search_term_string}\"},\"query-input\":{\"@type\":\"PropertyValueSpecification\",\"valueRequired\":true,\"valueName\":\"search_term_string\"}}],\"inLanguage\":\"en-US\"}]}<\/script>\n<!-- \/ Yoast SEO plugin. -->","yoast_head_json":{"title":"Filigree & Inlay - WEI YEE","robots":{"index":"index","follow":"follow","max-snippet":"max-snippet:-1","max-image-preview":"max-image-preview:large","max-video-preview":"max-video-preview:-1"},"canonical":"https:\/\/wei-yee.com\/\/filigree-inlay\/","og_locale":"en_US","og_type":"article","og_title":"Filigree & Inlay - WEI YEE","og_description":"\"La r\u00e9colte d'or pour faire des fils, habiles mains entrelac\u00e9es, incrustation de jade orn\u00e9e d'\u00e9meraude, c'est une \u0153uvre unique\", parle de l'artisanat de l'incrustation en filigrane. La couronne de ph\u00e9nix de l'imp\u00e9ratrice Ming Xiaozhuang, la couronne d'ailes de dragon en fil d'or de l'empereur Wanli, la coupe imp\u00e9riale d'or solide de la dynastie Qing, le [&hellip;]","og_url":"https:\/\/wei-yee.com\/\/filigree-inlay\/","og_site_name":"WEI YEE","article_modified_time":"2023-12-27T16:05:53+00:00","twitter_card":"summary_large_image","twitter_misc":{"Est. reading time":"2 minutes"},"schema":{"@context":"https:\/\/schema.org","@graph":[{"@type":"WebPage","@id":"https:\/\/wei-yee.com\/\/filigree-inlay\/","url":"https:\/\/wei-yee.com\/\/filigree-inlay\/","name":"Filigree & Inlay - WEI YEE","isPartOf":{"@id":"https:\/\/wei-yee.com\/#website"},"datePublished":"2023-12-08T06:41:35+00:00","dateModified":"2023-12-27T16:05:53+00:00","breadcrumb":{"@id":"https:\/\/wei-yee.com\/\/filigree-inlay\/#breadcrumb"},"inLanguage":"en-US","potentialAction":[{"@type":"ReadAction","target":["https:\/\/wei-yee.com\/\/filigree-inlay\/"]}]},{"@type":"BreadcrumbList","@id":"https:\/\/wei-yee.com\/\/filigree-inlay\/#breadcrumb","itemListElement":[{"@type":"ListItem","position":1,"name":"Home","item":"https:\/\/wei-yee.com\/"},{"@type":"ListItem","position":2,"name":"Filigree & Inlay"}]},{"@type":"WebSite","@id":"https:\/\/wei-yee.com\/#website","url":"https:\/\/wei-yee.com\/","name":"WEI YEE","description":"","potentialAction":[{"@type":"SearchAction","target":{"@type":"EntryPoint","urlTemplate":"https:\/\/wei-yee.com\/?s={search_term_string}"},"query-input":{"@type":"PropertyValueSpecification","valueRequired":true,"valueName":"search_term_string"}}],"inLanguage":"en-US"}]}},"_links":{"self":[{"href":"https:\/\/wei-yee.com\/fr\/wp-json\/wp\/v2\/pages\/949","targetHints":{"allow":["GET"]}}],"collection":[{"href":"https:\/\/wei-yee.com\/fr\/wp-json\/wp\/v2\/pages"}],"about":[{"href":"https:\/\/wei-yee.com\/fr\/wp-json\/wp\/v2\/types\/page"}],"author":[{"embeddable":true,"href":"https:\/\/wei-yee.com\/fr\/wp-json\/wp\/v2\/users\/1"}],"replies":[{"embeddable":true,"href":"https:\/\/wei-yee.com\/fr\/wp-json\/wp\/v2\/comments?post=949"}],"version-history":[{"count":5,"href":"https:\/\/wei-yee.com\/fr\/wp-json\/wp\/v2\/pages\/949\/revisions"}],"predecessor-version":[{"id":1094,"href":"https:\/\/wei-yee.com\/fr\/wp-json\/wp\/v2\/pages\/949\/revisions\/1094"}],"wp:attachment":[{"href":"https:\/\/wei-yee.com\/fr\/wp-json\/wp\/v2\/media?parent=949"}],"curies":[{"name":"wp","href":"https:\/\/api.w.org\/{rel}","templated":true}]}}