 
{"id":796,"date":"2023-12-05T08:55:40","date_gmt":"2023-12-05T08:55:40","guid":{"rendered":"https:\/\/wei-yee.com\/?page_id=796"},"modified":"2023-12-14T12:45:13","modified_gmt":"2023-12-14T12:45:13","slug":"legal-statement","status":"publish","type":"page","link":"https:\/\/wei-yee.com\/fr\/legal-statement\/","title":{"rendered":"Mentions l\u00e9gales"},"content":{"rendered":"<p>Ce site Web \u00e0 l'URL <a href=\"http:\/\/www.wei-yee.com\">www.wei-yee.com<\/a> est la propri\u00e9t\u00e9 de Wei Yee International Limited, une soci\u00e9t\u00e9 enregistr\u00e9e \u00e0 Hong Kong, R.A.S.<\/p><p>Wei Yee International Limited d\u00e9tient tous les droits, titres et int\u00e9r\u00eats sur les sites et\/ou d\u00e9tient le contenu et les applications sur les sites (y compris sur les sites de r\u00e9seaux sociaux).<\/p><p>WEI YEE d\u00e9tient tous les droits d'auteur pour l'ensemble du mat\u00e9riel pr\u00e9sent sur les sites ou dispose d'un droit valide d'un tiers pour utiliser le mat\u00e9riel sur les sites. WEI YEE d\u00e9tient \u00e9galement toutes les marques de commerce, marques de service, noms commerciaux, logos et noms de domaine utilis\u00e9s sur ou en relation avec les sites, ou dispose d'un droit valide d'un tiers pour utiliser un tel mat\u00e9riel. Toute modification ou utilisation du mat\u00e9riel provenant des sites \u00e0 des fins non explicitement autoris\u00e9es constitue une violation du droit d'auteur de WEI YEE et d'autres droits de propri\u00e9t\u00e9. L'utilisation du mat\u00e9riel de ce site sans le consentement \u00e9crit pr\u00e9alable de WEI YEE est strictement interdite.<\/p><p>Aucune partie des sites ne peut \u00eatre copi\u00e9e, reproduite, republi\u00e9e, t\u00e9l\u00e9charg\u00e9e, affich\u00e9e, transmise ou distribu\u00e9e d'aucune mani\u00e8re que ce soit, sauf \u00e0 des fins de visualisation, sans le consentement \u00e9crit pr\u00e9alable de WEI YEE. Cette interdiction inclut \u00e9galement l'encadrement de tout contenu provenant des sites, ainsi que tout lien non autoris\u00e9.<\/p><p>WEI YEE accorde une grande importance \u00e0 la protection de la vie priv\u00e9e des utilisateurs.<\/p><p>L'achat de tout produit fourni par la boutique en ligne WEI YEE (\"Produits\") n\u00e9cessite que vous acceptiez la politique de confidentialit\u00e9 de WEI YEE. Veuillez consulter la politique de confidentialit\u00e9 de WEI YEE pour obtenir des informations sur la mani\u00e8re dont WEI YEE collecte et utilise les informations personnelles des utilisateurs de la boutique en ligne WEI YEE.<\/p><p>Les produits que vous achetez via la boutique en ligne WEI YEE vous seront vendus par Wei Yee International Limited.<\/p><p>Vos achats de tout produit via la boutique en ligne WEI YEE seront r\u00e9gis par les Conditions de Vente suivantes. Veuillez lire attentivement ces conditions avant de commander des produits via la boutique en ligne WEI YEE. Vous devez comprendre qu'en commandant des produits, vous acceptez d'\u00eatre li\u00e9 par ces conditions.<\/p>","protected":false},"excerpt":{"rendered":"<p>Ce site Web \u00e0 l&#8217;URL www.wei-yee.com est la propri\u00e9t\u00e9 de Wei Yee International Limited, une soci\u00e9t\u00e9 enregistr\u00e9e \u00e0 Hong Kong, R.A.S.Wei Yee International Limited d\u00e9tient tous les droits, titres et int\u00e9r\u00eats sur les sites et\/ou d\u00e9tient le contenu et les applications sur les sites (y compris sur les sites de r\u00e9seaux sociaux).WEI YEE d\u00e9tient tous [&hellip;]<\/p>\n","protected":false},"author":1,"featured_media":0,"parent":0,"menu_order":0,"comment_status":"closed","ping_status":"closed","template":"","meta":{"footnotes":""},"class_list":["post-796","page","type-page","status-publish","hentry"],"yoast_head":"<!-- This site is optimized with the Yoast SEO plugin v24.9 - https:\/\/yoast.com\/wordpress\/plugins\/seo\/ -->\n<title>Legal Statement - WEI YEE<\/title>\n<meta name=\"robots\" content=\"index, follow, max-snippet:-1, max-image-preview:large, max-video-preview:-1\" \/>\n<link rel=\"canonical\" href=\"https:\/\/wei-yee.com\/\/legal-statement\/\" \/>\n<meta property=\"og:locale\" content=\"en_US\" \/>\n<meta property=\"og:type\" content=\"article\" \/>\n<meta property=\"og:title\" content=\"Legal Statement - WEI YEE\" \/>\n<meta property=\"og:description\" content=\"Ce site Web \u00e0 l&#039;URL www.wei-yee.com est la propri\u00e9t\u00e9 de Wei Yee International Limited, une soci\u00e9t\u00e9 enregistr\u00e9e \u00e0 Hong Kong, R.A.S.Wei Yee International Limited d\u00e9tient tous les droits, titres et int\u00e9r\u00eats sur les sites et\/ou d\u00e9tient le contenu et les applications sur les sites (y compris sur les sites de r\u00e9seaux sociaux).WEI YEE d\u00e9tient tous [&hellip;]\" \/>\n<meta property=\"og:url\" content=\"https:\/\/wei-yee.com\/\/legal-statement\/\" \/>\n<meta property=\"og:site_name\" content=\"WEI YEE\" \/>\n<meta property=\"article:modified_time\" content=\"2023-12-14T12:45:13+00:00\" \/>\n<meta name=\"twitter:card\" content=\"summary_large_image\" \/>\n<meta name=\"twitter:label1\" content=\"Est. reading time\" \/>\n\t<meta name=\"twitter:data1\" content=\"2 minutes\" \/>\n<script type=\"application\/ld+json\" class=\"yoast-schema-graph\">{\"@context\":\"https:\/\/schema.org\",\"@graph\":[{\"@type\":\"WebPage\",\"@id\":\"https:\/\/wei-yee.com\/\/legal-statement\/\",\"url\":\"https:\/\/wei-yee.com\/\/legal-statement\/\",\"name\":\"Legal Statement - WEI YEE\",\"isPartOf\":{\"@id\":\"https:\/\/wei-yee.com\/#website\"},\"datePublished\":\"2023-12-05T08:55:40+00:00\",\"dateModified\":\"2023-12-14T12:45:13+00:00\",\"breadcrumb\":{\"@id\":\"https:\/\/wei-yee.com\/\/legal-statement\/#breadcrumb\"},\"inLanguage\":\"en-US\",\"potentialAction\":[{\"@type\":\"ReadAction\",\"target\":[\"https:\/\/wei-yee.com\/\/legal-statement\/\"]}]},{\"@type\":\"BreadcrumbList\",\"@id\":\"https:\/\/wei-yee.com\/\/legal-statement\/#breadcrumb\",\"itemListElement\":[{\"@type\":\"ListItem\",\"position\":1,\"name\":\"Home\",\"item\":\"https:\/\/wei-yee.com\/\"},{\"@type\":\"ListItem\",\"position\":2,\"name\":\"Legal Statement\"}]},{\"@type\":\"WebSite\",\"@id\":\"https:\/\/wei-yee.com\/#website\",\"url\":\"https:\/\/wei-yee.com\/\",\"name\":\"WEI YEE\",\"description\":\"\",\"potentialAction\":[{\"@type\":\"SearchAction\",\"target\":{\"@type\":\"EntryPoint\",\"urlTemplate\":\"https:\/\/wei-yee.com\/?s={search_term_string}\"},\"query-input\":{\"@type\":\"PropertyValueSpecification\",\"valueRequired\":true,\"valueName\":\"search_term_string\"}}],\"inLanguage\":\"en-US\"}]}<\/script>\n<!-- \/ Yoast SEO plugin. -->","yoast_head_json":{"title":"Legal Statement - WEI YEE","robots":{"index":"index","follow":"follow","max-snippet":"max-snippet:-1","max-image-preview":"max-image-preview:large","max-video-preview":"max-video-preview:-1"},"canonical":"https:\/\/wei-yee.com\/\/legal-statement\/","og_locale":"en_US","og_type":"article","og_title":"Legal Statement - WEI YEE","og_description":"Ce site Web \u00e0 l'URL www.wei-yee.com est la propri\u00e9t\u00e9 de Wei Yee International Limited, une soci\u00e9t\u00e9 enregistr\u00e9e \u00e0 Hong Kong, R.A.S.Wei Yee International Limited d\u00e9tient tous les droits, titres et int\u00e9r\u00eats sur les sites et\/ou d\u00e9tient le contenu et les applications sur les sites (y compris sur les sites de r\u00e9seaux sociaux).WEI YEE d\u00e9tient tous [&hellip;]","og_url":"https:\/\/wei-yee.com\/\/legal-statement\/","og_site_name":"WEI YEE","article_modified_time":"2023-12-14T12:45:13+00:00","twitter_card":"summary_large_image","twitter_misc":{"Est. reading time":"2 minutes"},"schema":{"@context":"https:\/\/schema.org","@graph":[{"@type":"WebPage","@id":"https:\/\/wei-yee.com\/\/legal-statement\/","url":"https:\/\/wei-yee.com\/\/legal-statement\/","name":"Legal Statement - WEI YEE","isPartOf":{"@id":"https:\/\/wei-yee.com\/#website"},"datePublished":"2023-12-05T08:55:40+00:00","dateModified":"2023-12-14T12:45:13+00:00","breadcrumb":{"@id":"https:\/\/wei-yee.com\/\/legal-statement\/#breadcrumb"},"inLanguage":"en-US","potentialAction":[{"@type":"ReadAction","target":["https:\/\/wei-yee.com\/\/legal-statement\/"]}]},{"@type":"BreadcrumbList","@id":"https:\/\/wei-yee.com\/\/legal-statement\/#breadcrumb","itemListElement":[{"@type":"ListItem","position":1,"name":"Home","item":"https:\/\/wei-yee.com\/"},{"@type":"ListItem","position":2,"name":"Legal Statement"}]},{"@type":"WebSite","@id":"https:\/\/wei-yee.com\/#website","url":"https:\/\/wei-yee.com\/","name":"WEI YEE","description":"","potentialAction":[{"@type":"SearchAction","target":{"@type":"EntryPoint","urlTemplate":"https:\/\/wei-yee.com\/?s={search_term_string}"},"query-input":{"@type":"PropertyValueSpecification","valueRequired":true,"valueName":"search_term_string"}}],"inLanguage":"en-US"}]}},"_links":{"self":[{"href":"https:\/\/wei-yee.com\/fr\/wp-json\/wp\/v2\/pages\/796","targetHints":{"allow":["GET"]}}],"collection":[{"href":"https:\/\/wei-yee.com\/fr\/wp-json\/wp\/v2\/pages"}],"about":[{"href":"https:\/\/wei-yee.com\/fr\/wp-json\/wp\/v2\/types\/page"}],"author":[{"embeddable":true,"href":"https:\/\/wei-yee.com\/fr\/wp-json\/wp\/v2\/users\/1"}],"replies":[{"embeddable":true,"href":"https:\/\/wei-yee.com\/fr\/wp-json\/wp\/v2\/comments?post=796"}],"version-history":[{"count":1,"href":"https:\/\/wei-yee.com\/fr\/wp-json\/wp\/v2\/pages\/796\/revisions"}],"predecessor-version":[{"id":797,"href":"https:\/\/wei-yee.com\/fr\/wp-json\/wp\/v2\/pages\/796\/revisions\/797"}],"wp:attachment":[{"href":"https:\/\/wei-yee.com\/fr\/wp-json\/wp\/v2\/media?parent=796"}],"curies":[{"name":"wp","href":"https:\/\/api.w.org\/{rel}","templated":true}]}}