 
{"id":1004,"date":"2023-12-14T13:02:11","date_gmt":"2023-12-14T13:02:11","guid":{"rendered":"https:\/\/wei-yee.com\/?page_id=1004"},"modified":"2025-10-11T15:27:02","modified_gmt":"2025-10-11T15:27:02","slug":"returns-exchanges","status":"publish","type":"page","link":"https:\/\/wei-yee.com\/fr\/returns-exchanges\/","title":{"rendered":"Retour et \u00e9change"},"content":{"rendered":"<h2 class=\"wp-block-heading\">Puis-je annuler ma commande ?<\/h2><p>Si vous avez chang\u00e9 d'avis, vous pouvez annuler votre commande dans les 24 heures suivant votre achat \u00e0 condition que l'article n'ait pas \u00e9t\u00e9 exp\u00e9di\u00e9. Veuillez contacter customerservice@wei-yee.com avec comme sujet \u00ab Annulation de commande \u00bb.<\/p><h2 class=\"wp-block-heading\">Comment puis-je retourner ou \u00e9changer un article command\u00e9 via Weiyee.com ?<\/h2><p>Si, pour une raison quelconque, vous n'\u00eates pas enti\u00e8rement satisfait de votre achat, vous pouvez retourner tout produit achet\u00e9 via weiyee.com dans les 14 jours \u00e0 compter de la date de r\u00e9ception pour obtenir un remboursement, sous r\u00e9serve des conditions \u00e9nonc\u00e9es ci-dessous.<\/p><p>1. Contactez le service clients de WEI YEE pour recevoir votre num\u00e9ro d'autorisation de retour, qui devra \u00eatre indiqu\u00e9 dans le colis de retour.<\/p><p>2. Tous les articles doivent \u00eatre retourn\u00e9s en parfait \u00e9tat, non port\u00e9s, avec leur emballage d'origine (y compris les mat\u00e9riaux d'emballage tels que les bo\u00eetes de marque, les sacs \u00e0 poussi\u00e8re, tous les mat\u00e9riaux de protection et de rembourrage, les accessoires, les notices de produits, les certifications, etc.). Les retours qui ne sont pas dans leur \u00e9tat d'origine, en dehors de ce d\u00e9lai ou les retours non autoris\u00e9s ne peuvent pas \u00eatre accept\u00e9s.<\/p><p>3. Une fois re\u00e7u, votre article retourn\u00e9 entrera dans notre processus d'inspection de contr\u00f4le de la qualit\u00e9. S'il est d\u00e9termin\u00e9 que l'article est acceptable pour le retour, il peut s'\u00e9couler sept jours ouvrables avant que votre remboursement ou votre \u00e9change ne soit enti\u00e8rement trait\u00e9. (Veuillez noter que ce d\u00e9lai peut \u00eatre plus long autour des vacances ou d'autres p\u00e9riodes de forte affluence de commandes.) Si l'article n'est pas en mesure de passer l'inspection de contr\u00f4le de la qualit\u00e9, nous vous contacterons avec les prochaines \u00e9tapes pour vous renvoyer l'article.<\/p><p>4. Pour les retours et les \u00e9changes, vous devrez vous acquitter des frais d'exp\u00e9dition.<\/p><p>Si, dans de tr\u00e8s rares cas, vous constatez qu'un achat (i) a \u00e9t\u00e9 endommag\u00e9 pendant le transport ; (ii) avec des d\u00e9fauts de qualit\u00e9 ; ou (iii) avec des marchandises erron\u00e9es envoy\u00e9es, veuillez nous envoyer un e-mail \u00e0 customerservice@wei-yee.com dans les 48 heures suivant la r\u00e9ception de votre commande avec des photos et une description d\u00e9taill\u00e9e du ou des produits endommag\u00e9s, d\u00e9fectueux ou mal livr\u00e9s. Nous ferons le necessaire.<\/p><p>5. Vous pouvez \u00e9changer un article contre un autre article de valeur \u00e9gale ou sup\u00e9rieure sous r\u00e9serve de la disponibilit\u00e9 des stocks. Si vous \u00e9changez un article contre un autre article de plus grande valeur, vous devrez payer la diff\u00e9rence.<\/p><p>6. Chaque produit ne peut \u00eatre \u00e9chang\u00e9 qu'une seule fois.<\/p><p>7. L'\u00e9change du produit est soumis \u00e0 la disponibilit\u00e9 des stocks et WEI YEE ne garantit pas qu'un produit sera disponible pour l'\u00e9change.<\/p><p><strong>Aucun \u00e9change ou remboursement n'est autoris\u00e9 pour les produits en solde et les articles promotionnels.<\/strong><\/p><p><strong>Les produits personnalis\u00e9s ne peuvent pas \u00eatre retourn\u00e9s pour \u00e9change ou remboursement.<\/strong><\/p><p><strong>Toutes les commandes de meubles sont faites sur mesure et ne peuvent \u00eatre ni retourn\u00e9es, ni \u00e9chang\u00e9es, ni annul\u00e9es. Aucun remboursement ne sera effectu\u00e9.<\/strong><\/p><h2 class=\"wp-block-heading\">Quand vais-je recevoir mon remboursement ?<\/h2><p>Une fois que votre article retourn\u00e9 est jug\u00e9 acceptable pour le retour, nous traiterons le remboursement dans les 7 jours ouvrables. Le remboursement sera effectu\u00e9 via le m\u00eame moyen de paiement que celui utilis\u00e9 pour la commande et dans la m\u00eame devise que celle utilis\u00e9e par le client lors du paiement de la commande.<\/p><p>Veuillez noter que le d\u00e9lai pour que les fonds soient disponibles sur votre compte peut varier, cela peut prendre jusqu'\u00e0 14 jours ouvrables.<\/p>","protected":false},"excerpt":{"rendered":"<p>Puis-je annuler ma commande ?Si vous avez chang\u00e9 d&#8217;avis, vous pouvez annuler votre commande dans les 24 heures suivant votre achat \u00e0 condition que l&#8217;article n&#8217;ait pas \u00e9t\u00e9 exp\u00e9di\u00e9. Veuillez contacter customerservice@wei-yee.com avec comme sujet \u00ab Annulation de commande \u00bb.Comment puis-je retourner ou \u00e9changer un article command\u00e9 via Weiyee.com ?Si, pour une raison quelconque, vous [&hellip;]<\/p>\n","protected":false},"author":1,"featured_media":0,"parent":0,"menu_order":0,"comment_status":"closed","ping_status":"closed","template":"","meta":{"footnotes":""},"class_list":["post-1004","page","type-page","status-publish","hentry"],"yoast_head":"<!-- This site is optimized with the Yoast SEO plugin v24.9 - https:\/\/yoast.com\/wordpress\/plugins\/seo\/ -->\n<title>Returns &amp; Exchanges - WEI YEE<\/title>\n<meta name=\"robots\" content=\"index, follow, max-snippet:-1, max-image-preview:large, max-video-preview:-1\" \/>\n<link rel=\"canonical\" href=\"https:\/\/wei-yee.com\/returns-exchanges\/\" \/>\n<meta property=\"og:locale\" content=\"en_US\" \/>\n<meta property=\"og:type\" content=\"article\" \/>\n<meta property=\"og:title\" content=\"Returns &amp; Exchanges - WEI YEE\" \/>\n<meta property=\"og:description\" content=\"Puis-je annuler ma commande ?Si vous avez chang\u00e9 d&#039;avis, vous pouvez annuler votre commande dans les 24 heures suivant votre achat \u00e0 condition que l&#039;article n&#039;ait pas \u00e9t\u00e9 exp\u00e9di\u00e9. Veuillez contacter customerservice@wei-yee.com avec comme sujet \u00ab Annulation de commande \u00bb.Comment puis-je retourner ou \u00e9changer un article command\u00e9 via Weiyee.com ?Si, pour une raison quelconque, vous [&hellip;]\" \/>\n<meta property=\"og:url\" content=\"https:\/\/wei-yee.com\/returns-exchanges\/\" \/>\n<meta property=\"og:site_name\" content=\"WEI YEE\" \/>\n<meta property=\"article:modified_time\" content=\"2025-10-11T15:27:02+00:00\" \/>\n<meta name=\"twitter:card\" content=\"summary_large_image\" \/>\n<meta name=\"twitter:label1\" content=\"Est. reading time\" \/>\n\t<meta name=\"twitter:data1\" content=\"3 minutes\" \/>\n<script type=\"application\/ld+json\" class=\"yoast-schema-graph\">{\"@context\":\"https:\/\/schema.org\",\"@graph\":[{\"@type\":\"WebPage\",\"@id\":\"https:\/\/wei-yee.com\/returns-exchanges\/\",\"url\":\"https:\/\/wei-yee.com\/returns-exchanges\/\",\"name\":\"Returns &amp; Exchanges - WEI YEE\",\"isPartOf\":{\"@id\":\"https:\/\/wei-yee.com\/#website\"},\"datePublished\":\"2023-12-14T13:02:11+00:00\",\"dateModified\":\"2025-10-11T15:27:02+00:00\",\"breadcrumb\":{\"@id\":\"https:\/\/wei-yee.com\/returns-exchanges\/#breadcrumb\"},\"inLanguage\":\"en-US\",\"potentialAction\":[{\"@type\":\"ReadAction\",\"target\":[\"https:\/\/wei-yee.com\/returns-exchanges\/\"]}]},{\"@type\":\"BreadcrumbList\",\"@id\":\"https:\/\/wei-yee.com\/returns-exchanges\/#breadcrumb\",\"itemListElement\":[{\"@type\":\"ListItem\",\"position\":1,\"name\":\"Home\",\"item\":\"https:\/\/wei-yee.com\/\"},{\"@type\":\"ListItem\",\"position\":2,\"name\":\"Returns &amp; Exchanges\"}]},{\"@type\":\"WebSite\",\"@id\":\"https:\/\/wei-yee.com\/#website\",\"url\":\"https:\/\/wei-yee.com\/\",\"name\":\"WEI YEE\",\"description\":\"\",\"potentialAction\":[{\"@type\":\"SearchAction\",\"target\":{\"@type\":\"EntryPoint\",\"urlTemplate\":\"https:\/\/wei-yee.com\/?s={search_term_string}\"},\"query-input\":{\"@type\":\"PropertyValueSpecification\",\"valueRequired\":true,\"valueName\":\"search_term_string\"}}],\"inLanguage\":\"en-US\"}]}<\/script>\n<!-- \/ Yoast SEO plugin. -->","yoast_head_json":{"title":"Returns &amp; Exchanges - WEI YEE","robots":{"index":"index","follow":"follow","max-snippet":"max-snippet:-1","max-image-preview":"max-image-preview:large","max-video-preview":"max-video-preview:-1"},"canonical":"https:\/\/wei-yee.com\/returns-exchanges\/","og_locale":"en_US","og_type":"article","og_title":"Returns &amp; Exchanges - WEI YEE","og_description":"Puis-je annuler ma commande ?Si vous avez chang\u00e9 d'avis, vous pouvez annuler votre commande dans les 24 heures suivant votre achat \u00e0 condition que l'article n'ait pas \u00e9t\u00e9 exp\u00e9di\u00e9. Veuillez contacter customerservice@wei-yee.com avec comme sujet \u00ab Annulation de commande \u00bb.Comment puis-je retourner ou \u00e9changer un article command\u00e9 via Weiyee.com ?Si, pour une raison quelconque, vous [&hellip;]","og_url":"https:\/\/wei-yee.com\/returns-exchanges\/","og_site_name":"WEI YEE","article_modified_time":"2025-10-11T15:27:02+00:00","twitter_card":"summary_large_image","twitter_misc":{"Est. reading time":"3 minutes"},"schema":{"@context":"https:\/\/schema.org","@graph":[{"@type":"WebPage","@id":"https:\/\/wei-yee.com\/returns-exchanges\/","url":"https:\/\/wei-yee.com\/returns-exchanges\/","name":"Returns &amp; Exchanges - WEI YEE","isPartOf":{"@id":"https:\/\/wei-yee.com\/#website"},"datePublished":"2023-12-14T13:02:11+00:00","dateModified":"2025-10-11T15:27:02+00:00","breadcrumb":{"@id":"https:\/\/wei-yee.com\/returns-exchanges\/#breadcrumb"},"inLanguage":"en-US","potentialAction":[{"@type":"ReadAction","target":["https:\/\/wei-yee.com\/returns-exchanges\/"]}]},{"@type":"BreadcrumbList","@id":"https:\/\/wei-yee.com\/returns-exchanges\/#breadcrumb","itemListElement":[{"@type":"ListItem","position":1,"name":"Home","item":"https:\/\/wei-yee.com\/"},{"@type":"ListItem","position":2,"name":"Returns &amp; Exchanges"}]},{"@type":"WebSite","@id":"https:\/\/wei-yee.com\/#website","url":"https:\/\/wei-yee.com\/","name":"WEI YEE","description":"","potentialAction":[{"@type":"SearchAction","target":{"@type":"EntryPoint","urlTemplate":"https:\/\/wei-yee.com\/?s={search_term_string}"},"query-input":{"@type":"PropertyValueSpecification","valueRequired":true,"valueName":"search_term_string"}}],"inLanguage":"en-US"}]}},"_links":{"self":[{"href":"https:\/\/wei-yee.com\/fr\/wp-json\/wp\/v2\/pages\/1004","targetHints":{"allow":["GET"]}}],"collection":[{"href":"https:\/\/wei-yee.com\/fr\/wp-json\/wp\/v2\/pages"}],"about":[{"href":"https:\/\/wei-yee.com\/fr\/wp-json\/wp\/v2\/types\/page"}],"author":[{"embeddable":true,"href":"https:\/\/wei-yee.com\/fr\/wp-json\/wp\/v2\/users\/1"}],"replies":[{"embeddable":true,"href":"https:\/\/wei-yee.com\/fr\/wp-json\/wp\/v2\/comments?post=1004"}],"version-history":[{"count":4,"href":"https:\/\/wei-yee.com\/fr\/wp-json\/wp\/v2\/pages\/1004\/revisions"}],"predecessor-version":[{"id":7752,"href":"https:\/\/wei-yee.com\/fr\/wp-json\/wp\/v2\/pages\/1004\/revisions\/7752"}],"wp:attachment":[{"href":"https:\/\/wei-yee.com\/fr\/wp-json\/wp\/v2\/media?parent=1004"}],"curies":[{"name":"wp","href":"https:\/\/api.w.org\/{rel}","templated":true}]}}