 
{"id":1002,"date":"2023-12-14T13:00:39","date_gmt":"2023-12-14T13:00:39","guid":{"rendered":"https:\/\/wei-yee.com\/?page_id=1002"},"modified":"2025-10-11T15:24:40","modified_gmt":"2025-10-11T15:24:40","slug":"shipping-delivery","status":"publish","type":"page","link":"https:\/\/wei-yee.com\/fr\/shipping-delivery\/","title":{"rendered":"Livraison"},"content":{"rendered":"<h2 class=\"wp-block-heading\">A propos de la livraison?<\/h2><p>Nous livrons actuellement dans les pays et r\u00e9gions suivants :<\/p><p>Chine continentale, Hong Kong,\u00a0Macao, Ta\u00efwan, Japon, Cor\u00e9e du Sud, Singapour, Malaisie, Philippines, Tha\u00eflande, Vietnam, \u00c9tats-Unis, Canada, France, Luxembourg, Belgique, Pays-Bas, Allemagne, Royaume-Uni, Italie, Espagne, Suisse, Su\u00e8de, Australie, Nouvelle-Z\u00e9lande, Arabie saoudite et \u00c9mirats arabes unis.<\/p><h2 class=\"wp-block-heading\">Quels sont les frais d'exp\u00e9dition et le d\u00e9lai de livraison ?<\/h2><p><!-- wp:table --><\/p><figure class=\"wp-block-table\"><table width=\"631\"><tbody><tr><td width=\"215\"><strong>Pays\/R\u00e9gion<\/strong><\/td><td colspan=\"2\" width=\"206\"><strong>Frais d'exp\u00e9dition*<\/strong><\/td><td width=\"87\"><strong>Transporteur<\/strong><\/td><td width=\"123\"><strong>D\u00e9lai de livraison estim\u00e9*<\/strong><\/td><\/tr><tr><td width=\"215\">Chine continentale, Hong Kong, Macao, Ta\u00efwan<\/td><td width=\"125\">Livraison gratuite<\/td><td width=\"81\">\u00a0<\/td><td width=\"87\">SF Express<\/td><td width=\"123\">1 \u00e0 5 jours ouvr\u00e9s<\/td><\/tr><tr><td width=\"215\">Singapour, Malaisie, Philippines, Tha\u00eflande, Vietnam, Japon, Cor\u00e9e du Sud, Australie, Nouvelle-Z\u00e9lande, \u00c9tats-Unis, Canada<\/td><td width=\"125\">\u20ac25 Livraison express<\/td><td rowspan=\"3\" width=\"81\">Gratuit pour les commandes sup\u00e9rieures \u00e0 \u20ac300<\/td><td width=\"87\">DHL ou SF Express<\/td><td width=\"123\">2 \u00e0 7 jours ouvr\u00e9s<\/td><\/tr><tr><td width=\"215\">France, Allemagne, Italie, Espagne, Su\u00e8de, Suisse, Royaume-Uni, Luxembourg, Belgique, Pays-Bas<\/td><td width=\"125\">\u20ac30 Livraison express<\/td><td width=\"87\">DHL ou SF Express<\/td><td width=\"123\">2 \u00e0 7 jours ouvr\u00e9s<\/td><\/tr><tr><td width=\"215\">\u00c9mirats arabes unis, Arabie saoudite<\/td><td width=\"125\">\u20ac40 Livraison express<\/td><td width=\"87\">DHL ou SF Express<\/td><td width=\"123\">3 \u00e0 7 jours ouvr\u00e9s<\/td><\/tr><\/tbody><\/table><\/figure><p><!-- \/wp:table --><\/p><p>*\u00c0 l'exception des clients de l'UE et du Royaume-Uni, tous les droits d'importation, frais de douane et taxes en vigueur dans leur pays sont \u00e0 la charge des clients. Veuillez contacter votre bureau de douane local pour plus d'informations avant de commander. Tout refus de paiement des frais de douane peut entra\u00eener une d\u00e9duction de votre remboursement pour les frais d'exp\u00e9dition, de manutention et de retour.<\/p><p>**Lors de l'estimation de votre d\u00e9lai de livraison, veuillez pr\u00e9voir du temps pour l'approbation du paiement, la v\u00e9rification de l'adresse, les contr\u00f4les de s\u00e9curit\u00e9 et le traitement de la commande.<\/p><p>***Toutes les estimations de d\u00e9lais de livraison sont soumises \u00e0 la disponibilit\u00e9 des stocks et peuvent \u00eatre retard\u00e9es pour des demandes sp\u00e9ciales (par exemple, un ajustement de bague ou un service de personnalisation). Nous ne pouvons pas fournir de garanties de livraison absolues, en raison de circonstances impr\u00e9vues ou de questions ind\u00e9pendantes de notre volont\u00e9, des retards peuvent survenir.<\/p><p>****Les frais d'exp\u00e9dition et le d\u00e9lai de livraison ci-dessus ne s'appliquent pas aux commandes de meubles. Pour les commandes de meubles, notre service clients vous contactera pour les d\u00e9tails de l'arrangement.<\/p><h2 class=\"wp-block-heading\">Dois-je signer lors de la r\u00e9ception du colis ?<\/h2><p>Votre signature est requise \u00e0 l'adresse de livraison. Nous vous recommandons de faire livrer votre commande \u00e0 une autre adresse, comme votre bureau, si vous n'\u00eates pas \u00e0 la maison pour signer votre colis. Les livraisons manqu\u00e9es n\u00e9cessiteront un d\u00e9lai suppl\u00e9mentaire de 2 \u00e0 3 jours ouvr\u00e9s pour reprogrammer une nouvelle livraison.<\/p><p>Si vous avez sp\u00e9cifi\u00e9 un destinataire qui n'est pas vous (par exemple, pour un cadeau), veuillez comprendre et accepter que la preuve d'une signature par ce destinataire (ou \u00e0 cette adresse de livraison) constitue une preuve de la livraison et de la bonne ex\u00e9cution du contrat de vente et du transfert de responsabilit\u00e9 au destinataire de la m\u00eame mani\u00e8re que si le produit vous avait \u00e9t\u00e9 livr\u00e9. Nous nous r\u00e9servons le droit de ne livrer les produits qu'\u00e0 la personne qui est le destinataire pr\u00e9vu de la commande comme indiqu\u00e9 sur l'\u00e9tiquette du colis et de demander un contr\u00f4le d'identit\u00e9 \u00e0 des fins de v\u00e9rification au moment de la livraison.<\/p><h2 class=\"wp-block-heading\">Quel type d'adresse de livraison puis-je utiliser ?<\/h2><p>Vous pouvez utiliser n'importe quelle adresse r\u00e9sidentielle ou professionnelle o\u00f9 le transporteur peut remettre le colis en personne ; cependant, nous ne sommes pas en mesure d'exp\u00e9dier \u00e0 des adresses militaires, \u00e0 des h\u00f4tels, \u00e0 certaines zones r\u00e9glement\u00e9es, \u00e0 des points de ramassage ou \u00e0 des bo\u00eetes postales.<\/p><h2 class=\"wp-block-heading\">Comment puis-je suivre ma commande ?<\/h2><p>Pour v\u00e9rifier l'\u00e9tat de votre commande, vous pouvez vous connecter \u00e0 votre compte WEI YEE sur notre site Web, et cliquer sur la commande pour voir l'\u00e9tat de votre commande et suivre l'exp\u00e9dition.<\/p>","protected":false},"excerpt":{"rendered":"<p>A propos de la livraison?Nous livrons actuellement dans les pays et r\u00e9gions suivants :Chine continentale, Hong Kong,\u00a0Macao, Ta\u00efwan, Japon, Cor\u00e9e du Sud, Singapour, Malaisie, Philippines, Tha\u00eflande, Vietnam, \u00c9tats-Unis, Canada, France, Luxembourg, Belgique, Pays-Bas, Allemagne, Royaume-Uni, Italie, Espagne, Suisse, Su\u00e8de, Australie, Nouvelle-Z\u00e9lande, Arabie saoudite et \u00c9mirats arabes unis.Quels sont les frais d&#8217;exp\u00e9dition et le d\u00e9lai de [&hellip;]<\/p>\n","protected":false},"author":1,"featured_media":0,"parent":0,"menu_order":0,"comment_status":"closed","ping_status":"closed","template":"","meta":{"footnotes":""},"class_list":["post-1002","page","type-page","status-publish","hentry"],"yoast_head":"<!-- This site is optimized with the Yoast SEO plugin v24.9 - https:\/\/yoast.com\/wordpress\/plugins\/seo\/ -->\n<title>Shipping &amp; Delivery - WEI YEE<\/title>\n<meta name=\"robots\" content=\"index, follow, max-snippet:-1, max-image-preview:large, max-video-preview:-1\" \/>\n<link rel=\"canonical\" href=\"https:\/\/wei-yee.com\/shipping-delivery\/\" \/>\n<meta property=\"og:locale\" content=\"en_US\" \/>\n<meta property=\"og:type\" content=\"article\" \/>\n<meta property=\"og:title\" content=\"Shipping &amp; Delivery - WEI YEE\" \/>\n<meta property=\"og:description\" content=\"A propos de la livraison?Nous livrons actuellement dans les pays et r\u00e9gions suivants :Chine continentale, Hong Kong,\u00a0Macao, Ta\u00efwan, Japon, Cor\u00e9e du Sud, Singapour, Malaisie, Philippines, Tha\u00eflande, Vietnam, \u00c9tats-Unis, Canada, France, Luxembourg, Belgique, Pays-Bas, Allemagne, Royaume-Uni, Italie, Espagne, Suisse, Su\u00e8de, Australie, Nouvelle-Z\u00e9lande, Arabie saoudite et \u00c9mirats arabes unis.Quels sont les frais d&#039;exp\u00e9dition et le d\u00e9lai de [&hellip;]\" \/>\n<meta property=\"og:url\" content=\"https:\/\/wei-yee.com\/shipping-delivery\/\" \/>\n<meta property=\"og:site_name\" content=\"WEI YEE\" \/>\n<meta property=\"article:modified_time\" content=\"2025-10-11T15:24:40+00:00\" \/>\n<meta name=\"twitter:card\" content=\"summary_large_image\" \/>\n<meta name=\"twitter:label1\" content=\"Est. reading time\" \/>\n\t<meta name=\"twitter:data1\" content=\"3 minutes\" \/>\n<script type=\"application\/ld+json\" class=\"yoast-schema-graph\">{\"@context\":\"https:\/\/schema.org\",\"@graph\":[{\"@type\":\"WebPage\",\"@id\":\"https:\/\/wei-yee.com\/shipping-delivery\/\",\"url\":\"https:\/\/wei-yee.com\/shipping-delivery\/\",\"name\":\"Shipping &amp; Delivery - WEI YEE\",\"isPartOf\":{\"@id\":\"https:\/\/wei-yee.com\/#website\"},\"datePublished\":\"2023-12-14T13:00:39+00:00\",\"dateModified\":\"2025-10-11T15:24:40+00:00\",\"breadcrumb\":{\"@id\":\"https:\/\/wei-yee.com\/shipping-delivery\/#breadcrumb\"},\"inLanguage\":\"en-US\",\"potentialAction\":[{\"@type\":\"ReadAction\",\"target\":[\"https:\/\/wei-yee.com\/shipping-delivery\/\"]}]},{\"@type\":\"BreadcrumbList\",\"@id\":\"https:\/\/wei-yee.com\/shipping-delivery\/#breadcrumb\",\"itemListElement\":[{\"@type\":\"ListItem\",\"position\":1,\"name\":\"Home\",\"item\":\"https:\/\/wei-yee.com\/\"},{\"@type\":\"ListItem\",\"position\":2,\"name\":\"Shipping &amp; Delivery\"}]},{\"@type\":\"WebSite\",\"@id\":\"https:\/\/wei-yee.com\/#website\",\"url\":\"https:\/\/wei-yee.com\/\",\"name\":\"WEI YEE\",\"description\":\"\",\"potentialAction\":[{\"@type\":\"SearchAction\",\"target\":{\"@type\":\"EntryPoint\",\"urlTemplate\":\"https:\/\/wei-yee.com\/?s={search_term_string}\"},\"query-input\":{\"@type\":\"PropertyValueSpecification\",\"valueRequired\":true,\"valueName\":\"search_term_string\"}}],\"inLanguage\":\"en-US\"}]}<\/script>\n<!-- \/ Yoast SEO plugin. -->","yoast_head_json":{"title":"Shipping &amp; Delivery - WEI YEE","robots":{"index":"index","follow":"follow","max-snippet":"max-snippet:-1","max-image-preview":"max-image-preview:large","max-video-preview":"max-video-preview:-1"},"canonical":"https:\/\/wei-yee.com\/shipping-delivery\/","og_locale":"en_US","og_type":"article","og_title":"Shipping &amp; Delivery - WEI YEE","og_description":"A propos de la livraison?Nous livrons actuellement dans les pays et r\u00e9gions suivants :Chine continentale, Hong Kong,\u00a0Macao, Ta\u00efwan, Japon, Cor\u00e9e du Sud, Singapour, Malaisie, Philippines, Tha\u00eflande, Vietnam, \u00c9tats-Unis, Canada, France, Luxembourg, Belgique, Pays-Bas, Allemagne, Royaume-Uni, Italie, Espagne, Suisse, Su\u00e8de, Australie, Nouvelle-Z\u00e9lande, Arabie saoudite et \u00c9mirats arabes unis.Quels sont les frais d'exp\u00e9dition et le d\u00e9lai de [&hellip;]","og_url":"https:\/\/wei-yee.com\/shipping-delivery\/","og_site_name":"WEI YEE","article_modified_time":"2025-10-11T15:24:40+00:00","twitter_card":"summary_large_image","twitter_misc":{"Est. reading time":"3 minutes"},"schema":{"@context":"https:\/\/schema.org","@graph":[{"@type":"WebPage","@id":"https:\/\/wei-yee.com\/shipping-delivery\/","url":"https:\/\/wei-yee.com\/shipping-delivery\/","name":"Shipping &amp; Delivery - WEI YEE","isPartOf":{"@id":"https:\/\/wei-yee.com\/#website"},"datePublished":"2023-12-14T13:00:39+00:00","dateModified":"2025-10-11T15:24:40+00:00","breadcrumb":{"@id":"https:\/\/wei-yee.com\/shipping-delivery\/#breadcrumb"},"inLanguage":"en-US","potentialAction":[{"@type":"ReadAction","target":["https:\/\/wei-yee.com\/shipping-delivery\/"]}]},{"@type":"BreadcrumbList","@id":"https:\/\/wei-yee.com\/shipping-delivery\/#breadcrumb","itemListElement":[{"@type":"ListItem","position":1,"name":"Home","item":"https:\/\/wei-yee.com\/"},{"@type":"ListItem","position":2,"name":"Shipping &amp; Delivery"}]},{"@type":"WebSite","@id":"https:\/\/wei-yee.com\/#website","url":"https:\/\/wei-yee.com\/","name":"WEI YEE","description":"","potentialAction":[{"@type":"SearchAction","target":{"@type":"EntryPoint","urlTemplate":"https:\/\/wei-yee.com\/?s={search_term_string}"},"query-input":{"@type":"PropertyValueSpecification","valueRequired":true,"valueName":"search_term_string"}}],"inLanguage":"en-US"}]}},"_links":{"self":[{"href":"https:\/\/wei-yee.com\/fr\/wp-json\/wp\/v2\/pages\/1002","targetHints":{"allow":["GET"]}}],"collection":[{"href":"https:\/\/wei-yee.com\/fr\/wp-json\/wp\/v2\/pages"}],"about":[{"href":"https:\/\/wei-yee.com\/fr\/wp-json\/wp\/v2\/types\/page"}],"author":[{"embeddable":true,"href":"https:\/\/wei-yee.com\/fr\/wp-json\/wp\/v2\/users\/1"}],"replies":[{"embeddable":true,"href":"https:\/\/wei-yee.com\/fr\/wp-json\/wp\/v2\/comments?post=1002"}],"version-history":[{"count":4,"href":"https:\/\/wei-yee.com\/fr\/wp-json\/wp\/v2\/pages\/1002\/revisions"}],"predecessor-version":[{"id":7751,"href":"https:\/\/wei-yee.com\/fr\/wp-json\/wp\/v2\/pages\/1002\/revisions\/7751"}],"wp:attachment":[{"href":"https:\/\/wei-yee.com\/fr\/wp-json\/wp\/v2\/media?parent=1002"}],"curies":[{"name":"wp","href":"https:\/\/api.w.org\/{rel}","templated":true}]}}