 
{"id":1000,"date":"2023-12-14T12:58:27","date_gmt":"2023-12-14T12:58:27","guid":{"rendered":"https:\/\/wei-yee.com\/?page_id=1000"},"modified":"2024-02-22T02:42:01","modified_gmt":"2024-02-22T02:42:01","slug":"payment","status":"publish","type":"page","link":"https:\/\/wei-yee.com\/fr\/payment\/","title":{"rendered":"Paiement"},"content":{"rendered":"<h2 class=\"wp-block-heading\">Quels sont les moyens de paiement accept\u00e9s par WEI YEE ?<\/h2><p>Nous acceptons les modes de paiement suivants : PayPal, Stripe (Visa, MasterCard, American Express, JCB, UnionPay, AliPay).<\/p><p>Pour des raisons de s\u00e9curit\u00e9, veuillez vous assurer que la personne qui soumet la commande doit \u00eatre le titulaire de la carte dont le nom appara\u00eet sur la carte de cr\u00e9dit.<\/p><p>Veuillez noter que votre commande ne sera exp\u00e9di\u00e9e qu'une fois que nous aurons v\u00e9rifi\u00e9 votre mode de paiement et re\u00e7u l'autorisation de traiter votre paiement.<\/p>","protected":false},"excerpt":{"rendered":"<p>Quels sont les moyens de paiement accept\u00e9s par WEI YEE ?Nous acceptons les modes de paiement suivants : PayPal, Stripe (Visa, MasterCard, American Express, JCB, UnionPay, AliPay).Pour des raisons de s\u00e9curit\u00e9, veuillez vous assurer que la personne qui soumet la commande doit \u00eatre le titulaire de la carte dont le nom appara\u00eet sur la carte [&hellip;]<\/p>\n","protected":false},"author":1,"featured_media":0,"parent":0,"menu_order":0,"comment_status":"closed","ping_status":"closed","template":"","meta":{"footnotes":""},"class_list":["post-1000","page","type-page","status-publish","hentry"],"yoast_head":"<!-- This site is optimized with the Yoast SEO plugin v24.9 - https:\/\/yoast.com\/wordpress\/plugins\/seo\/ -->\n<title>Payment - WEI YEE<\/title>\n<meta name=\"robots\" content=\"index, follow, max-snippet:-1, max-image-preview:large, max-video-preview:-1\" \/>\n<link rel=\"canonical\" href=\"https:\/\/wei-yee.com\/payment\/\" \/>\n<meta property=\"og:locale\" content=\"en_US\" \/>\n<meta property=\"og:type\" content=\"article\" \/>\n<meta property=\"og:title\" content=\"Payment - WEI YEE\" \/>\n<meta property=\"og:description\" content=\"Quels sont les moyens de paiement accept\u00e9s par WEI YEE ?Nous acceptons les modes de paiement suivants : PayPal, Stripe (Visa, MasterCard, American Express, JCB, UnionPay, AliPay).Pour des raisons de s\u00e9curit\u00e9, veuillez vous assurer que la personne qui soumet la commande doit \u00eatre le titulaire de la carte dont le nom appara\u00eet sur la carte [&hellip;]\" \/>\n<meta property=\"og:url\" content=\"https:\/\/wei-yee.com\/payment\/\" \/>\n<meta property=\"og:site_name\" content=\"WEI YEE\" \/>\n<meta property=\"article:modified_time\" content=\"2024-02-22T02:42:01+00:00\" \/>\n<meta name=\"twitter:card\" content=\"summary_large_image\" \/>\n<meta name=\"twitter:label1\" content=\"Est. reading time\" \/>\n\t<meta name=\"twitter:data1\" content=\"1 minute\" \/>\n<script type=\"application\/ld+json\" class=\"yoast-schema-graph\">{\"@context\":\"https:\/\/schema.org\",\"@graph\":[{\"@type\":\"WebPage\",\"@id\":\"https:\/\/wei-yee.com\/payment\/\",\"url\":\"https:\/\/wei-yee.com\/payment\/\",\"name\":\"Payment - WEI YEE\",\"isPartOf\":{\"@id\":\"https:\/\/wei-yee.com\/#website\"},\"datePublished\":\"2023-12-14T12:58:27+00:00\",\"dateModified\":\"2024-02-22T02:42:01+00:00\",\"breadcrumb\":{\"@id\":\"https:\/\/wei-yee.com\/payment\/#breadcrumb\"},\"inLanguage\":\"en-US\",\"potentialAction\":[{\"@type\":\"ReadAction\",\"target\":[\"https:\/\/wei-yee.com\/payment\/\"]}]},{\"@type\":\"BreadcrumbList\",\"@id\":\"https:\/\/wei-yee.com\/payment\/#breadcrumb\",\"itemListElement\":[{\"@type\":\"ListItem\",\"position\":1,\"name\":\"Home\",\"item\":\"https:\/\/wei-yee.com\/\"},{\"@type\":\"ListItem\",\"position\":2,\"name\":\"Payment\"}]},{\"@type\":\"WebSite\",\"@id\":\"https:\/\/wei-yee.com\/#website\",\"url\":\"https:\/\/wei-yee.com\/\",\"name\":\"WEI YEE\",\"description\":\"\",\"potentialAction\":[{\"@type\":\"SearchAction\",\"target\":{\"@type\":\"EntryPoint\",\"urlTemplate\":\"https:\/\/wei-yee.com\/?s={search_term_string}\"},\"query-input\":{\"@type\":\"PropertyValueSpecification\",\"valueRequired\":true,\"valueName\":\"search_term_string\"}}],\"inLanguage\":\"en-US\"}]}<\/script>\n<!-- \/ Yoast SEO plugin. -->","yoast_head_json":{"title":"Payment - WEI YEE","robots":{"index":"index","follow":"follow","max-snippet":"max-snippet:-1","max-image-preview":"max-image-preview:large","max-video-preview":"max-video-preview:-1"},"canonical":"https:\/\/wei-yee.com\/payment\/","og_locale":"en_US","og_type":"article","og_title":"Payment - WEI YEE","og_description":"Quels sont les moyens de paiement accept\u00e9s par WEI YEE ?Nous acceptons les modes de paiement suivants : PayPal, Stripe (Visa, MasterCard, American Express, JCB, UnionPay, AliPay).Pour des raisons de s\u00e9curit\u00e9, veuillez vous assurer que la personne qui soumet la commande doit \u00eatre le titulaire de la carte dont le nom appara\u00eet sur la carte [&hellip;]","og_url":"https:\/\/wei-yee.com\/payment\/","og_site_name":"WEI YEE","article_modified_time":"2024-02-22T02:42:01+00:00","twitter_card":"summary_large_image","twitter_misc":{"Est. reading time":"1 minute"},"schema":{"@context":"https:\/\/schema.org","@graph":[{"@type":"WebPage","@id":"https:\/\/wei-yee.com\/payment\/","url":"https:\/\/wei-yee.com\/payment\/","name":"Payment - WEI YEE","isPartOf":{"@id":"https:\/\/wei-yee.com\/#website"},"datePublished":"2023-12-14T12:58:27+00:00","dateModified":"2024-02-22T02:42:01+00:00","breadcrumb":{"@id":"https:\/\/wei-yee.com\/payment\/#breadcrumb"},"inLanguage":"en-US","potentialAction":[{"@type":"ReadAction","target":["https:\/\/wei-yee.com\/payment\/"]}]},{"@type":"BreadcrumbList","@id":"https:\/\/wei-yee.com\/payment\/#breadcrumb","itemListElement":[{"@type":"ListItem","position":1,"name":"Home","item":"https:\/\/wei-yee.com\/"},{"@type":"ListItem","position":2,"name":"Payment"}]},{"@type":"WebSite","@id":"https:\/\/wei-yee.com\/#website","url":"https:\/\/wei-yee.com\/","name":"WEI YEE","description":"","potentialAction":[{"@type":"SearchAction","target":{"@type":"EntryPoint","urlTemplate":"https:\/\/wei-yee.com\/?s={search_term_string}"},"query-input":{"@type":"PropertyValueSpecification","valueRequired":true,"valueName":"search_term_string"}}],"inLanguage":"en-US"}]}},"_links":{"self":[{"href":"https:\/\/wei-yee.com\/fr\/wp-json\/wp\/v2\/pages\/1000","targetHints":{"allow":["GET"]}}],"collection":[{"href":"https:\/\/wei-yee.com\/fr\/wp-json\/wp\/v2\/pages"}],"about":[{"href":"https:\/\/wei-yee.com\/fr\/wp-json\/wp\/v2\/types\/page"}],"author":[{"embeddable":true,"href":"https:\/\/wei-yee.com\/fr\/wp-json\/wp\/v2\/users\/1"}],"replies":[{"embeddable":true,"href":"https:\/\/wei-yee.com\/fr\/wp-json\/wp\/v2\/comments?post=1000"}],"version-history":[{"count":5,"href":"https:\/\/wei-yee.com\/fr\/wp-json\/wp\/v2\/pages\/1000\/revisions"}],"predecessor-version":[{"id":1146,"href":"https:\/\/wei-yee.com\/fr\/wp-json\/wp\/v2\/pages\/1000\/revisions\/1146"}],"wp:attachment":[{"href":"https:\/\/wei-yee.com\/fr\/wp-json\/wp\/v2\/media?parent=1000"}],"curies":[{"name":"wp","href":"https:\/\/api.w.org\/{rel}","templated":true}]}}